{"id":97199,"date":"2025-06-03T12:48:57","date_gmt":"2025-06-03T12:48:57","guid":{"rendered":"https:\/\/sn.ezoneretails.com\/?post_type=product&#038;p=97199"},"modified":"2026-02-11T13:06:12","modified_gmt":"2026-02-11T13:06:12","slug":"sharp-refrigerateur-inverter-649l-sj-se70d-sl5","status":"publish","type":"product","link":"https:\/\/sn.ezoneretails.com\/en\/product\/sharp-refrigerateur-inverter-649l-sj-se70d-sl5\/","title":{"rendered":"SHARP Inverter Refrigerator (649L) SJ-SE70D-SL5"},"content":{"rendered":"","protected":false},"excerpt":{"rendered":"<p>THE <strong>Sharp SJ-SE70D-SL5 refrigerator<\/strong> is an ultra-capacity and high-tech model, designed to meet the needs of large families or demanding users in terms of food preservation. With a <strong>impressive capacity of 649 liters (gross)<\/strong>, it offers a <strong>large and optimized storage space<\/strong>, perfect for organizing and storing a wide variety of food products, fresh or frozen.<\/p>\n<p>This model is distinguished by the integration of the <strong>J-Tech Inverter compressor<\/strong>, an advanced technology from Sharp that automatically adjusts cooling power according to actual needs. This results in a <strong>reduced energy consumption<\/strong>, a functioning <strong>silent<\/strong>, and a <strong>extended lifespan<\/strong> of the device.<\/p>\n<p>There <strong>Extra Cool function<\/strong> allows foods such as drinks or dairy products to be maintained at a slightly lower temperature than the standard refrigerator, while the <strong>express freezing function<\/strong> allows food to be frozen quickly, thus preserving its freshness, nutrients and texture.<\/p>\n<p>THE <strong>hybrid cooling panel<\/strong> ensures a <strong>uniform diffusion of cold<\/strong>, avoiding temperature variations inside the compartment. In addition, there is the <strong>Plasmacluster ion technology<\/strong>, a Sharp exclusive, which eliminates bacteria, mold and unpleasant odors to maintain a hygienic and fresh environment inside the refrigerator.<\/p>\n<p>THE <strong>AG+ Nano air freshener<\/strong> reinforces this action by neutralizing persistent odors, while prolonging the freshness of food. For greater convenience, the refrigerator is equipped with a <strong>smart handle<\/strong> facilitating opening, as well as a <strong>door alarm<\/strong> which is triggered when a door has been left open for too long, thus preventing any loss of cold.<\/p>\n<p>Available in <strong>silver or black finish<\/strong>, THE <strong>Sharp SJ-SE70D-SL5<\/strong> ally <strong>elegant aesthetics<\/strong>, <strong>advanced technology<\/strong> And <strong>smart features<\/strong>, making it a perfect choice for those looking for a refrigerator of <strong>large capacity, efficient and hygienic<\/strong>, while controlling their energy consumption.<\/p>","protected":false},"featured_media":97503,"comment_status":"open","ping_status":"closed","template":"","meta":[],"product_brand":[],"product_cat":[64],"product_tag":[],"class_list":{"0":"post-97199","1":"product","2":"type-product","3":"status-publish","4":"has-post-thumbnail","6":"product_cat-refrigerator","8":"first","9":"instock","10":"sale","11":"shipping-taxable","12":"purchasable","13":"product-type-simple"},"yoast_head":"<!-- This site is optimized with the Yoast SEO plugin v27.4 - https:\/\/yoast.com\/product\/yoast-seo-wordpress\/ -->\n<title>SHARP R\u00e9frig\u00e9rateur Inverter (649L) SJ-SE70D-SL5 - Ezone Electronics Senegal<\/title>\n<meta name=\"robots\" content=\"index, follow, max-snippet:-1, max-image-preview:large, max-video-preview:-1\" \/>\n<link rel=\"canonical\" href=\"https:\/\/sn.ezoneretails.com\/en\/product\/sharp-refrigerateur-inverter-649l-sj-se70d-sl5\/\" \/>\n<meta property=\"og:locale\" content=\"en_US\" \/>\n<meta property=\"og:type\" content=\"article\" \/>\n<meta property=\"og:title\" content=\"SHARP R\u00e9frig\u00e9rateur Inverter (649L) SJ-SE70D-SL5 - Ezone Electronics Senegal\" \/>\n<meta property=\"og:description\" content=\"Le r\u00e9frig\u00e9rateur Sharp SJ-SE70D-SL5 est un mod\u00e8le ultra-capacit\u00e9 et hautement technologique, con\u00e7u pour r\u00e9pondre aux besoins des familles nombreuses ou des utilisateurs exigeants en mati\u00e8re de conservation des aliments. Avec une capacit\u00e9 impressionnante de 649 litres (brute), il offre un espace de stockage vaste et optimis\u00e9, parfait pour organiser et conserver une grande vari\u00e9t\u00e9 de produits alimentaires, frais ou surgel\u00e9s.  Ce mod\u00e8le se distingue par l\u2019int\u00e9gration du compresseur J-Tech Inverter, une technologie avanc\u00e9e sign\u00e9e Sharp qui ajuste automatiquement la puissance de refroidissement selon les besoins r\u00e9els. Cela se traduit par une consommation d\u2019\u00e9nergie r\u00e9duite, un fonctionnement silencieux, et une dur\u00e9e de vie prolong\u00e9e de l\u2019appareil.  La fonction Extra Cool permet de maintenir une temp\u00e9rature l\u00e9g\u00e8rement inf\u00e9rieure \u00e0 celle du r\u00e9frig\u00e9rateur standard pour des aliments comme les boissons ou les produits laitiers, tandis que la fonction de cong\u00e9lation express permet de surgeler rapidement les aliments, conservant ainsi leur fra\u00eecheur, leurs nutriments et leur texture.  Le panneau de refroidissement hybride assure une diffusion uniforme du froid, \u00e9vitant les variations de temp\u00e9rature \u00e0 l\u2019int\u00e9rieur du compartiment. \u00c0 cela s\u2019ajoute la technologie ionique Plasmacluster, une exclusivit\u00e9 de Sharp, qui \u00e9limine les bact\u00e9ries, moisissures et odeurs d\u00e9sagr\u00e9ables pour maintenir un environnement hygi\u00e9nique et frais \u00e0 l\u2019int\u00e9rieur du r\u00e9frig\u00e9rateur.  Le d\u00e9sodorisant AG+ Nano vient renforcer cette action en neutralisant les odeurs persistantes, tout en prolongeant la fra\u00eecheur des aliments. Pour plus de praticit\u00e9, le r\u00e9frig\u00e9rateur est \u00e9quip\u00e9 d\u2019une poign\u00e9e intelligente facilitant l\u2019ouverture, ainsi qu\u2019une alarme de porte qui se d\u00e9clenche lorsqu\u2019une porte est rest\u00e9e ouverte trop longtemps, \u00e9vitant ainsi toute perte de froid.  Disponible en finition argent\u00e9e ou noire, le Sharp SJ-SE70D-SL5 allie esth\u00e9tique \u00e9l\u00e9gante, technologie avanc\u00e9e et fonctionnalit\u00e9s intelligentes, en faisant un choix parfait pour ceux qui recherchent un r\u00e9frig\u00e9rateur de grande capacit\u00e9, performant et hygi\u00e9nique, tout en ma\u00eetrisant leur consommation \u00e9nerg\u00e9tique.\" \/>\n<meta property=\"og:url\" content=\"https:\/\/sn.ezoneretails.com\/en\/product\/sharp-refrigerateur-inverter-649l-sj-se70d-sl5\/\" \/>\n<meta property=\"og:site_name\" content=\"Ezone Electronics Senegal\" \/>\n<meta property=\"article:modified_time\" content=\"2026-02-11T13:06:12+00:00\" \/>\n<meta property=\"og:image\" content=\"https:\/\/sn.ezoneretails.com\/wp-content\/uploads\/2025\/05\/Sharp-Fridge-Sj-se70d-sl5-600.jpg\" \/>\n\t<meta property=\"og:image:width\" content=\"600\" \/>\n\t<meta property=\"og:image:height\" content=\"600\" \/>\n\t<meta property=\"og:image:type\" content=\"image\/jpeg\" \/>\n<meta name=\"twitter:card\" content=\"summary_large_image\" \/>\n<meta name=\"twitter:label1\" content=\"Est. reading time\" \/>\n\t<meta name=\"twitter:data1\" content=\"1 minute\" \/>\n<script type=\"application\/ld+json\" class=\"yoast-schema-graph\">{\"@context\":\"https:\\\/\\\/schema.org\",\"@graph\":[{\"@type\":\"WebPage\",\"@id\":\"https:\\\/\\\/sn.ezoneretails.com\\\/product\\\/sharp-refrigerateur-inverter-649l-sj-se70d-sl5\\\/\",\"url\":\"https:\\\/\\\/sn.ezoneretails.com\\\/product\\\/sharp-refrigerateur-inverter-649l-sj-se70d-sl5\\\/\",\"name\":\"SHARP R\u00e9frig\u00e9rateur Inverter (649L) SJ-SE70D-SL5 - Ezone Electronics Senegal\",\"isPartOf\":{\"@id\":\"https:\\\/\\\/sn.ezoneretails.com\\\/en\\\/#website\"},\"primaryImageOfPage\":{\"@id\":\"https:\\\/\\\/sn.ezoneretails.com\\\/product\\\/sharp-refrigerateur-inverter-649l-sj-se70d-sl5\\\/#primaryimage\"},\"image\":{\"@id\":\"https:\\\/\\\/sn.ezoneretails.com\\\/product\\\/sharp-refrigerateur-inverter-649l-sj-se70d-sl5\\\/#primaryimage\"},\"thumbnailUrl\":\"https:\\\/\\\/sn.ezoneretails.com\\\/wp-content\\\/uploads\\\/2025\\\/05\\\/Sharp-Fridge-Sj-se70d-sl5-600.jpg\",\"datePublished\":\"2025-06-03T12:48:57+00:00\",\"dateModified\":\"2026-02-11T13:06:12+00:00\",\"breadcrumb\":{\"@id\":\"https:\\\/\\\/sn.ezoneretails.com\\\/product\\\/sharp-refrigerateur-inverter-649l-sj-se70d-sl5\\\/#breadcrumb\"},\"inLanguage\":\"en-US\",\"potentialAction\":[{\"@type\":\"ReadAction\",\"target\":[\"https:\\\/\\\/sn.ezoneretails.com\\\/product\\\/sharp-refrigerateur-inverter-649l-sj-se70d-sl5\\\/\"]}]},{\"@type\":\"ImageObject\",\"inLanguage\":\"en-US\",\"@id\":\"https:\\\/\\\/sn.ezoneretails.com\\\/product\\\/sharp-refrigerateur-inverter-649l-sj-se70d-sl5\\\/#primaryimage\",\"url\":\"https:\\\/\\\/sn.ezoneretails.com\\\/wp-content\\\/uploads\\\/2025\\\/05\\\/Sharp-Fridge-Sj-se70d-sl5-600.jpg\",\"contentUrl\":\"https:\\\/\\\/sn.ezoneretails.com\\\/wp-content\\\/uploads\\\/2025\\\/05\\\/Sharp-Fridge-Sj-se70d-sl5-600.jpg\",\"width\":600,\"height\":600},{\"@type\":\"BreadcrumbList\",\"@id\":\"https:\\\/\\\/sn.ezoneretails.com\\\/product\\\/sharp-refrigerateur-inverter-649l-sj-se70d-sl5\\\/#breadcrumb\",\"itemListElement\":[{\"@type\":\"ListItem\",\"position\":1,\"name\":\"Home\",\"item\":\"https:\\\/\\\/sn.ezoneretails.com\\\/\"},{\"@type\":\"ListItem\",\"position\":2,\"name\":\"Shop\",\"item\":\"https:\\\/\\\/sn.ezoneretails.com\\\/en\\\/shop\\\/\"},{\"@type\":\"ListItem\",\"position\":3,\"name\":\"SHARP R\u00e9frig\u00e9rateur Inverter (649L) SJ-SE70D-SL5\"}]},{\"@type\":\"WebSite\",\"@id\":\"https:\\\/\\\/sn.ezoneretails.com\\\/en\\\/#website\",\"url\":\"https:\\\/\\\/sn.ezoneretails.com\\\/en\\\/\",\"name\":\"Ezone Electronics Senegal\",\"description\":\"\",\"potentialAction\":[{\"@type\":\"SearchAction\",\"target\":{\"@type\":\"EntryPoint\",\"urlTemplate\":\"https:\\\/\\\/sn.ezoneretails.com\\\/en\\\/?s={search_term_string}\"},\"query-input\":{\"@type\":\"PropertyValueSpecification\",\"valueRequired\":true,\"valueName\":\"search_term_string\"}}],\"inLanguage\":\"en-US\"}]}<\/script>\n<!-- \/ Yoast SEO plugin. -->","yoast_head_json":{"title":"SHARP R\u00e9frig\u00e9rateur Inverter (649L) SJ-SE70D-SL5 - Ezone Electronics Senegal","robots":{"index":"index","follow":"follow","max-snippet":"max-snippet:-1","max-image-preview":"max-image-preview:large","max-video-preview":"max-video-preview:-1"},"canonical":"https:\/\/sn.ezoneretails.com\/en\/product\/sharp-refrigerateur-inverter-649l-sj-se70d-sl5\/","og_locale":"en_US","og_type":"article","og_title":"SHARP R\u00e9frig\u00e9rateur Inverter (649L) SJ-SE70D-SL5 - Ezone Electronics Senegal","og_description":"Le r\u00e9frig\u00e9rateur Sharp SJ-SE70D-SL5 est un mod\u00e8le ultra-capacit\u00e9 et hautement technologique, con\u00e7u pour r\u00e9pondre aux besoins des familles nombreuses ou des utilisateurs exigeants en mati\u00e8re de conservation des aliments. Avec une capacit\u00e9 impressionnante de 649 litres (brute), il offre un espace de stockage vaste et optimis\u00e9, parfait pour organiser et conserver une grande vari\u00e9t\u00e9 de produits alimentaires, frais ou surgel\u00e9s.  Ce mod\u00e8le se distingue par l\u2019int\u00e9gration du compresseur J-Tech Inverter, une technologie avanc\u00e9e sign\u00e9e Sharp qui ajuste automatiquement la puissance de refroidissement selon les besoins r\u00e9els. Cela se traduit par une consommation d\u2019\u00e9nergie r\u00e9duite, un fonctionnement silencieux, et une dur\u00e9e de vie prolong\u00e9e de l\u2019appareil.  La fonction Extra Cool permet de maintenir une temp\u00e9rature l\u00e9g\u00e8rement inf\u00e9rieure \u00e0 celle du r\u00e9frig\u00e9rateur standard pour des aliments comme les boissons ou les produits laitiers, tandis que la fonction de cong\u00e9lation express permet de surgeler rapidement les aliments, conservant ainsi leur fra\u00eecheur, leurs nutriments et leur texture.  Le panneau de refroidissement hybride assure une diffusion uniforme du froid, \u00e9vitant les variations de temp\u00e9rature \u00e0 l\u2019int\u00e9rieur du compartiment. \u00c0 cela s\u2019ajoute la technologie ionique Plasmacluster, une exclusivit\u00e9 de Sharp, qui \u00e9limine les bact\u00e9ries, moisissures et odeurs d\u00e9sagr\u00e9ables pour maintenir un environnement hygi\u00e9nique et frais \u00e0 l\u2019int\u00e9rieur du r\u00e9frig\u00e9rateur.  Le d\u00e9sodorisant AG+ Nano vient renforcer cette action en neutralisant les odeurs persistantes, tout en prolongeant la fra\u00eecheur des aliments. Pour plus de praticit\u00e9, le r\u00e9frig\u00e9rateur est \u00e9quip\u00e9 d\u2019une poign\u00e9e intelligente facilitant l\u2019ouverture, ainsi qu\u2019une alarme de porte qui se d\u00e9clenche lorsqu\u2019une porte est rest\u00e9e ouverte trop longtemps, \u00e9vitant ainsi toute perte de froid.  Disponible en finition argent\u00e9e ou noire, le Sharp SJ-SE70D-SL5 allie esth\u00e9tique \u00e9l\u00e9gante, technologie avanc\u00e9e et fonctionnalit\u00e9s intelligentes, en faisant un choix parfait pour ceux qui recherchent un r\u00e9frig\u00e9rateur de grande capacit\u00e9, performant et hygi\u00e9nique, tout en ma\u00eetrisant leur consommation \u00e9nerg\u00e9tique.","og_url":"https:\/\/sn.ezoneretails.com\/en\/product\/sharp-refrigerateur-inverter-649l-sj-se70d-sl5\/","og_site_name":"Ezone Electronics Senegal","article_modified_time":"2026-02-11T13:06:12+00:00","og_image":[{"url":"https:\/\/sn.ezoneretails.com\/wp-content\/uploads\/2025\/05\/Sharp-Fridge-Sj-se70d-sl5-600.jpg","width":600,"height":600,"type":"image\/jpeg"}],"twitter_card":"summary_large_image","twitter_misc":{"Est. reading time":"1 minute"},"schema":{"@context":"https:\/\/schema.org","@graph":[{"@type":"WebPage","@id":"https:\/\/sn.ezoneretails.com\/product\/sharp-refrigerateur-inverter-649l-sj-se70d-sl5\/","url":"https:\/\/sn.ezoneretails.com\/product\/sharp-refrigerateur-inverter-649l-sj-se70d-sl5\/","name":"SHARP R\u00e9frig\u00e9rateur Inverter (649L) SJ-SE70D-SL5 - Ezone Electronics Senegal","isPartOf":{"@id":"https:\/\/sn.ezoneretails.com\/en\/#website"},"primaryImageOfPage":{"@id":"https:\/\/sn.ezoneretails.com\/product\/sharp-refrigerateur-inverter-649l-sj-se70d-sl5\/#primaryimage"},"image":{"@id":"https:\/\/sn.ezoneretails.com\/product\/sharp-refrigerateur-inverter-649l-sj-se70d-sl5\/#primaryimage"},"thumbnailUrl":"https:\/\/sn.ezoneretails.com\/wp-content\/uploads\/2025\/05\/Sharp-Fridge-Sj-se70d-sl5-600.jpg","datePublished":"2025-06-03T12:48:57+00:00","dateModified":"2026-02-11T13:06:12+00:00","breadcrumb":{"@id":"https:\/\/sn.ezoneretails.com\/product\/sharp-refrigerateur-inverter-649l-sj-se70d-sl5\/#breadcrumb"},"inLanguage":"en-US","potentialAction":[{"@type":"ReadAction","target":["https:\/\/sn.ezoneretails.com\/product\/sharp-refrigerateur-inverter-649l-sj-se70d-sl5\/"]}]},{"@type":"ImageObject","inLanguage":"en-US","@id":"https:\/\/sn.ezoneretails.com\/product\/sharp-refrigerateur-inverter-649l-sj-se70d-sl5\/#primaryimage","url":"https:\/\/sn.ezoneretails.com\/wp-content\/uploads\/2025\/05\/Sharp-Fridge-Sj-se70d-sl5-600.jpg","contentUrl":"https:\/\/sn.ezoneretails.com\/wp-content\/uploads\/2025\/05\/Sharp-Fridge-Sj-se70d-sl5-600.jpg","width":600,"height":600},{"@type":"BreadcrumbList","@id":"https:\/\/sn.ezoneretails.com\/product\/sharp-refrigerateur-inverter-649l-sj-se70d-sl5\/#breadcrumb","itemListElement":[{"@type":"ListItem","position":1,"name":"Home","item":"https:\/\/sn.ezoneretails.com\/"},{"@type":"ListItem","position":2,"name":"Shop","item":"https:\/\/sn.ezoneretails.com\/en\/shop\/"},{"@type":"ListItem","position":3,"name":"SHARP R\u00e9frig\u00e9rateur Inverter (649L) SJ-SE70D-SL5"}]},{"@type":"WebSite","@id":"https:\/\/sn.ezoneretails.com\/en\/#website","url":"https:\/\/sn.ezoneretails.com\/en\/","name":"Ezone Electronics Senegal","description":"","potentialAction":[{"@type":"SearchAction","target":{"@type":"EntryPoint","urlTemplate":"https:\/\/sn.ezoneretails.com\/en\/?s={search_term_string}"},"query-input":{"@type":"PropertyValueSpecification","valueRequired":true,"valueName":"search_term_string"}}],"inLanguage":"en-US"}]}},"_links":{"self":[{"href":"https:\/\/sn.ezoneretails.com\/en\/wp-json\/wp\/v2\/product\/97199","targetHints":{"allow":["GET"]}}],"collection":[{"href":"https:\/\/sn.ezoneretails.com\/en\/wp-json\/wp\/v2\/product"}],"about":[{"href":"https:\/\/sn.ezoneretails.com\/en\/wp-json\/wp\/v2\/types\/product"}],"replies":[{"embeddable":true,"href":"https:\/\/sn.ezoneretails.com\/en\/wp-json\/wp\/v2\/comments?post=97199"}],"version-history":[{"count":6,"href":"https:\/\/sn.ezoneretails.com\/en\/wp-json\/wp\/v2\/product\/97199\/revisions"}],"predecessor-version":[{"id":99460,"href":"https:\/\/sn.ezoneretails.com\/en\/wp-json\/wp\/v2\/product\/97199\/revisions\/99460"}],"wp:featuredmedia":[{"embeddable":true,"href":"https:\/\/sn.ezoneretails.com\/en\/wp-json\/wp\/v2\/media\/97503"}],"wp:attachment":[{"href":"https:\/\/sn.ezoneretails.com\/en\/wp-json\/wp\/v2\/media?parent=97199"}],"wp:term":[{"taxonomy":"product_brand","embeddable":true,"href":"https:\/\/sn.ezoneretails.com\/en\/wp-json\/wp\/v2\/product_brand?post=97199"},{"taxonomy":"product_cat","embeddable":true,"href":"https:\/\/sn.ezoneretails.com\/en\/wp-json\/wp\/v2\/product_cat?post=97199"},{"taxonomy":"product_tag","embeddable":true,"href":"https:\/\/sn.ezoneretails.com\/en\/wp-json\/wp\/v2\/product_tag?post=97199"}],"curies":[{"name":"wp","href":"https:\/\/api.w.org\/{rel}","templated":true}]}}