{"id":97189,"date":"2025-11-29T11:34:01","date_gmt":"2025-11-29T11:34:01","guid":{"rendered":"https:\/\/sn.ezoneretails.com\/?post_type=product&#038;p=97189"},"modified":"2026-02-16T13:42:57","modified_gmt":"2026-02-16T13:42:57","slug":"sharp-32-smart-android-2t-c32eg5mx","status":"publish","type":"product","link":"https:\/\/sn.ezoneretails.com\/en\/product\/sharp-32-smart-android-2t-c32eg5mx\/","title":{"rendered":"SHARP 32\u2033 Smart Android 2T-C32EG5MX"},"content":{"rendered":"","protected":false},"excerpt":{"rendered":"<p>The television <strong>SHARP 2T-C32EG5MX<\/strong> (also referenced under the model <strong>2T-C32BB1M<\/strong>) is a <strong>Android Smart TV<\/strong> of <strong>32 inches (81 cm)<\/strong>, designed to deliver a connected, seamless and immersive entertainment experience, while integrating seamlessly into modern living spaces. Thanks to its <strong>LED display technology<\/strong>, it guarantees a clear and bright image quality with a <strong>HD resolution of 1366 x 768 pixels<\/strong>, ideal for watching TV, movies, streaming videos or playing games.<\/p>\n<p>This model works under <strong>Android TV<\/strong>, allowing direct access to popular apps like YouTube, Netflix, Prime Video, and Google Play Store. It also supports voice control via Google Assistant, making it easier to search for content and control the device.<\/p>\n<p>The audio system incorporates technology <strong>DTS TruSurround HD<\/strong>, which offers a <strong>clear, deep and enveloping sound<\/strong>, for total immersion in all your content, without the need for additional external speakers. Whether watching an action movie or listening to music, the sound is balanced and powerful for its category.<\/p>\n<p>In terms of connectivity, the TV has <strong>HDMI and USB ports<\/strong>, allowing you to easily connect game consoles, USB sticks, hard drives or media players. This versatility makes it a real <strong>compact multimedia hub<\/strong>.<\/p>\n<p>With a <strong>very low standby power consumption (0.50 W)<\/strong> and one <strong>weight of only 6.5 kg<\/strong>, THE <strong>Sharp 2T-C32EG5MX<\/strong> is equally suitable for wall mounting and furniture installation, combining <strong>energy efficiency, mobility and sober design<\/strong>.<\/p>\n<p>This model is a <strong>excellent option for those looking for a smart, compact, well-equipped and affordable TV<\/strong>, perfect for bedrooms, offices or small living rooms.<\/p>","protected":false},"featured_media":98973,"comment_status":"open","ping_status":"closed","template":"","meta":[],"product_brand":[],"product_cat":[53],"product_tag":[],"class_list":{"0":"post-97189","1":"product","2":"type-product","3":"status-publish","4":"has-post-thumbnail","6":"product_cat-tv-audio","8":"first","9":"instock","10":"sale","11":"shipping-taxable","12":"purchasable","13":"product-type-simple"},"yoast_head":"<!-- This site is optimized with the Yoast SEO plugin v27.3 - https:\/\/yoast.com\/product\/yoast-seo-wordpress\/ -->\n<title>SHARP 32&quot; Smart Android 2T-C32EG5MX - Ezone Electronics Senegal<\/title>\n<meta name=\"robots\" content=\"index, follow, max-snippet:-1, max-image-preview:large, max-video-preview:-1\" \/>\n<link rel=\"canonical\" href=\"https:\/\/sn.ezoneretails.com\/en\/product\/sharp-32-smart-android-2t-c32eg5mx\/\" \/>\n<meta property=\"og:locale\" content=\"en_US\" \/>\n<meta property=\"og:type\" content=\"article\" \/>\n<meta property=\"og:title\" content=\"SHARP 32&quot; Smart Android 2T-C32EG5MX - Ezone Electronics Senegal\" \/>\n<meta property=\"og:description\" content=\"Le t\u00e9l\u00e9viseur SHARP 2T-C32EG5MX (\u00e9galement r\u00e9f\u00e9renc\u00e9 sous le mod\u00e8le 2T-C32BB1M) est un Smart TV Android de 32 pouces (81 cm), con\u00e7u pour offrir une exp\u00e9rience de divertissement connect\u00e9e, fluide et immersive, tout en s&#039;int\u00e9grant parfaitement dans les espaces de vie modernes. Gr\u00e2ce \u00e0 sa technologie d\u2019affichage LED, il garantit une qualit\u00e9 d\u2019image nette et lumineuse avec une r\u00e9solution HD de 1366 x 768 pixels, id\u00e9ale pour regarder la t\u00e9l\u00e9vision, des films, des vid\u00e9os en streaming ou jouer \u00e0 des jeux.  Ce mod\u00e8le fonctionne sous Android TV, permettant un acc\u00e8s direct \u00e0 des applications populaires comme YouTube, Netflix, Prime Video, ou encore Google Play Store. Il est aussi compatible avec la commande vocale via Google Assistant, facilitant la recherche de contenus et le contr\u00f4le de l\u2019appareil.  Le syst\u00e8me audio embarque la technologie DTS TruSurround HD, qui offre un son clair, profond et enveloppant, pour une immersion totale dans tous vos contenus, sans besoin d\u2019enceintes externes suppl\u00e9mentaires. Que ce soit pour suivre un film d\u2019action ou \u00e9couter de la musique, le rendu sonore est \u00e9quilibr\u00e9 et puissant pour sa cat\u00e9gorie.  C\u00f4t\u00e9 connectivit\u00e9, le t\u00e9l\u00e9viseur dispose de ports HDMI et USB, vous permettant de connecter facilement consoles de jeux, cl\u00e9s USB, disques durs ou lecteurs multim\u00e9dia. Cette polyvalence en fait un v\u00e9ritable hub multim\u00e9dia compact.  Avec une consommation \u00e9lectrique en veille tr\u00e8s basse (0,50 W) et un poids de seulement 6,5 kg, le Sharp 2T-C32EG5MX est aussi bien adapt\u00e9 \u00e0 un montage mural qu\u2019\u00e0 une installation sur meuble, combinant efficacit\u00e9 \u00e9nerg\u00e9tique, mobilit\u00e9 et design sobre.  Ce mod\u00e8le est une excellente option pour ceux qui recherchent un t\u00e9l\u00e9viseur intelligent, compact, bien \u00e9quip\u00e9 et accessible, parfait pour les chambres, bureaux ou petits salons.\" \/>\n<meta property=\"og:url\" content=\"https:\/\/sn.ezoneretails.com\/en\/product\/sharp-32-smart-android-2t-c32eg5mx\/\" \/>\n<meta property=\"og:site_name\" content=\"Ezone Electronics Senegal\" \/>\n<meta property=\"article:modified_time\" content=\"2026-02-16T13:42:57+00:00\" \/>\n<meta property=\"og:image\" content=\"https:\/\/sn.ezoneretails.com\/wp-content\/uploads\/2025\/11\/Sharp-32_Smart-Android-2t-c32eg5mx_FRE_03.jpg\" \/>\n\t<meta property=\"og:image:width\" content=\"1080\" \/>\n\t<meta property=\"og:image:height\" content=\"1080\" \/>\n\t<meta property=\"og:image:type\" content=\"image\/jpeg\" \/>\n<meta name=\"twitter:card\" content=\"summary_large_image\" \/>\n<meta name=\"twitter:label1\" content=\"Est. reading time\" \/>\n\t<meta name=\"twitter:data1\" content=\"1 minute\" \/>\n<script type=\"application\/ld+json\" class=\"yoast-schema-graph\">{\"@context\":\"https:\\\/\\\/schema.org\",\"@graph\":[{\"@type\":\"WebPage\",\"@id\":\"https:\\\/\\\/sn.ezoneretails.com\\\/product\\\/sharp-32-smart-android-2t-c32eg5mx\\\/\",\"url\":\"https:\\\/\\\/sn.ezoneretails.com\\\/product\\\/sharp-32-smart-android-2t-c32eg5mx\\\/\",\"name\":\"SHARP 32\\\" Smart Android 2T-C32EG5MX - Ezone Electronics Senegal\",\"isPartOf\":{\"@id\":\"https:\\\/\\\/sn.ezoneretails.com\\\/en\\\/#website\"},\"primaryImageOfPage\":{\"@id\":\"https:\\\/\\\/sn.ezoneretails.com\\\/product\\\/sharp-32-smart-android-2t-c32eg5mx\\\/#primaryimage\"},\"image\":{\"@id\":\"https:\\\/\\\/sn.ezoneretails.com\\\/product\\\/sharp-32-smart-android-2t-c32eg5mx\\\/#primaryimage\"},\"thumbnailUrl\":\"https:\\\/\\\/sn.ezoneretails.com\\\/wp-content\\\/uploads\\\/2025\\\/11\\\/Sharp-32_Smart-Android-2t-c32eg5mx_FRE_03.jpg\",\"datePublished\":\"2025-11-29T11:34:01+00:00\",\"dateModified\":\"2026-02-16T13:42:57+00:00\",\"breadcrumb\":{\"@id\":\"https:\\\/\\\/sn.ezoneretails.com\\\/product\\\/sharp-32-smart-android-2t-c32eg5mx\\\/#breadcrumb\"},\"inLanguage\":\"en-US\",\"potentialAction\":[{\"@type\":\"ReadAction\",\"target\":[\"https:\\\/\\\/sn.ezoneretails.com\\\/product\\\/sharp-32-smart-android-2t-c32eg5mx\\\/\"]}]},{\"@type\":\"ImageObject\",\"inLanguage\":\"en-US\",\"@id\":\"https:\\\/\\\/sn.ezoneretails.com\\\/product\\\/sharp-32-smart-android-2t-c32eg5mx\\\/#primaryimage\",\"url\":\"https:\\\/\\\/sn.ezoneretails.com\\\/wp-content\\\/uploads\\\/2025\\\/11\\\/Sharp-32_Smart-Android-2t-c32eg5mx_FRE_03.jpg\",\"contentUrl\":\"https:\\\/\\\/sn.ezoneretails.com\\\/wp-content\\\/uploads\\\/2025\\\/11\\\/Sharp-32_Smart-Android-2t-c32eg5mx_FRE_03.jpg\",\"width\":1080,\"height\":1080},{\"@type\":\"BreadcrumbList\",\"@id\":\"https:\\\/\\\/sn.ezoneretails.com\\\/product\\\/sharp-32-smart-android-2t-c32eg5mx\\\/#breadcrumb\",\"itemListElement\":[{\"@type\":\"ListItem\",\"position\":1,\"name\":\"Home\",\"item\":\"https:\\\/\\\/sn.ezoneretails.com\\\/\"},{\"@type\":\"ListItem\",\"position\":2,\"name\":\"Shop\",\"item\":\"https:\\\/\\\/sn.ezoneretails.com\\\/en\\\/shop\\\/\"},{\"@type\":\"ListItem\",\"position\":3,\"name\":\"SHARP 32&#8243; Smart Android 2T-C32EG5MX\"}]},{\"@type\":\"WebSite\",\"@id\":\"https:\\\/\\\/sn.ezoneretails.com\\\/en\\\/#website\",\"url\":\"https:\\\/\\\/sn.ezoneretails.com\\\/en\\\/\",\"name\":\"Ezone Electronics Senegal\",\"description\":\"\",\"potentialAction\":[{\"@type\":\"SearchAction\",\"target\":{\"@type\":\"EntryPoint\",\"urlTemplate\":\"https:\\\/\\\/sn.ezoneretails.com\\\/en\\\/?s={search_term_string}\"},\"query-input\":{\"@type\":\"PropertyValueSpecification\",\"valueRequired\":true,\"valueName\":\"search_term_string\"}}],\"inLanguage\":\"en-US\"}]}<\/script>\n<!-- \/ Yoast SEO plugin. -->","yoast_head_json":{"title":"SHARP 32\" Smart Android 2T-C32EG5MX - Ezone Electronics Senegal","robots":{"index":"index","follow":"follow","max-snippet":"max-snippet:-1","max-image-preview":"max-image-preview:large","max-video-preview":"max-video-preview:-1"},"canonical":"https:\/\/sn.ezoneretails.com\/en\/product\/sharp-32-smart-android-2t-c32eg5mx\/","og_locale":"en_US","og_type":"article","og_title":"SHARP 32\" Smart Android 2T-C32EG5MX - Ezone Electronics Senegal","og_description":"Le t\u00e9l\u00e9viseur SHARP 2T-C32EG5MX (\u00e9galement r\u00e9f\u00e9renc\u00e9 sous le mod\u00e8le 2T-C32BB1M) est un Smart TV Android de 32 pouces (81 cm), con\u00e7u pour offrir une exp\u00e9rience de divertissement connect\u00e9e, fluide et immersive, tout en s'int\u00e9grant parfaitement dans les espaces de vie modernes. Gr\u00e2ce \u00e0 sa technologie d\u2019affichage LED, il garantit une qualit\u00e9 d\u2019image nette et lumineuse avec une r\u00e9solution HD de 1366 x 768 pixels, id\u00e9ale pour regarder la t\u00e9l\u00e9vision, des films, des vid\u00e9os en streaming ou jouer \u00e0 des jeux.  Ce mod\u00e8le fonctionne sous Android TV, permettant un acc\u00e8s direct \u00e0 des applications populaires comme YouTube, Netflix, Prime Video, ou encore Google Play Store. Il est aussi compatible avec la commande vocale via Google Assistant, facilitant la recherche de contenus et le contr\u00f4le de l\u2019appareil.  Le syst\u00e8me audio embarque la technologie DTS TruSurround HD, qui offre un son clair, profond et enveloppant, pour une immersion totale dans tous vos contenus, sans besoin d\u2019enceintes externes suppl\u00e9mentaires. Que ce soit pour suivre un film d\u2019action ou \u00e9couter de la musique, le rendu sonore est \u00e9quilibr\u00e9 et puissant pour sa cat\u00e9gorie.  C\u00f4t\u00e9 connectivit\u00e9, le t\u00e9l\u00e9viseur dispose de ports HDMI et USB, vous permettant de connecter facilement consoles de jeux, cl\u00e9s USB, disques durs ou lecteurs multim\u00e9dia. Cette polyvalence en fait un v\u00e9ritable hub multim\u00e9dia compact.  Avec une consommation \u00e9lectrique en veille tr\u00e8s basse (0,50 W) et un poids de seulement 6,5 kg, le Sharp 2T-C32EG5MX est aussi bien adapt\u00e9 \u00e0 un montage mural qu\u2019\u00e0 une installation sur meuble, combinant efficacit\u00e9 \u00e9nerg\u00e9tique, mobilit\u00e9 et design sobre.  Ce mod\u00e8le est une excellente option pour ceux qui recherchent un t\u00e9l\u00e9viseur intelligent, compact, bien \u00e9quip\u00e9 et accessible, parfait pour les chambres, bureaux ou petits salons.","og_url":"https:\/\/sn.ezoneretails.com\/en\/product\/sharp-32-smart-android-2t-c32eg5mx\/","og_site_name":"Ezone Electronics Senegal","article_modified_time":"2026-02-16T13:42:57+00:00","og_image":[{"width":1080,"height":1080,"url":"https:\/\/sn.ezoneretails.com\/wp-content\/uploads\/2025\/11\/Sharp-32_Smart-Android-2t-c32eg5mx_FRE_03.jpg","type":"image\/jpeg"}],"twitter_card":"summary_large_image","twitter_misc":{"Est. reading time":"1 minute"},"schema":{"@context":"https:\/\/schema.org","@graph":[{"@type":"WebPage","@id":"https:\/\/sn.ezoneretails.com\/product\/sharp-32-smart-android-2t-c32eg5mx\/","url":"https:\/\/sn.ezoneretails.com\/product\/sharp-32-smart-android-2t-c32eg5mx\/","name":"SHARP 32\" Smart Android 2T-C32EG5MX - Ezone Electronics Senegal","isPartOf":{"@id":"https:\/\/sn.ezoneretails.com\/en\/#website"},"primaryImageOfPage":{"@id":"https:\/\/sn.ezoneretails.com\/product\/sharp-32-smart-android-2t-c32eg5mx\/#primaryimage"},"image":{"@id":"https:\/\/sn.ezoneretails.com\/product\/sharp-32-smart-android-2t-c32eg5mx\/#primaryimage"},"thumbnailUrl":"https:\/\/sn.ezoneretails.com\/wp-content\/uploads\/2025\/11\/Sharp-32_Smart-Android-2t-c32eg5mx_FRE_03.jpg","datePublished":"2025-11-29T11:34:01+00:00","dateModified":"2026-02-16T13:42:57+00:00","breadcrumb":{"@id":"https:\/\/sn.ezoneretails.com\/product\/sharp-32-smart-android-2t-c32eg5mx\/#breadcrumb"},"inLanguage":"en-US","potentialAction":[{"@type":"ReadAction","target":["https:\/\/sn.ezoneretails.com\/product\/sharp-32-smart-android-2t-c32eg5mx\/"]}]},{"@type":"ImageObject","inLanguage":"en-US","@id":"https:\/\/sn.ezoneretails.com\/product\/sharp-32-smart-android-2t-c32eg5mx\/#primaryimage","url":"https:\/\/sn.ezoneretails.com\/wp-content\/uploads\/2025\/11\/Sharp-32_Smart-Android-2t-c32eg5mx_FRE_03.jpg","contentUrl":"https:\/\/sn.ezoneretails.com\/wp-content\/uploads\/2025\/11\/Sharp-32_Smart-Android-2t-c32eg5mx_FRE_03.jpg","width":1080,"height":1080},{"@type":"BreadcrumbList","@id":"https:\/\/sn.ezoneretails.com\/product\/sharp-32-smart-android-2t-c32eg5mx\/#breadcrumb","itemListElement":[{"@type":"ListItem","position":1,"name":"Home","item":"https:\/\/sn.ezoneretails.com\/"},{"@type":"ListItem","position":2,"name":"Shop","item":"https:\/\/sn.ezoneretails.com\/en\/shop\/"},{"@type":"ListItem","position":3,"name":"SHARP 32&#8243; Smart Android 2T-C32EG5MX"}]},{"@type":"WebSite","@id":"https:\/\/sn.ezoneretails.com\/en\/#website","url":"https:\/\/sn.ezoneretails.com\/en\/","name":"Ezone Electronics Senegal","description":"","potentialAction":[{"@type":"SearchAction","target":{"@type":"EntryPoint","urlTemplate":"https:\/\/sn.ezoneretails.com\/en\/?s={search_term_string}"},"query-input":{"@type":"PropertyValueSpecification","valueRequired":true,"valueName":"search_term_string"}}],"inLanguage":"en-US"}]}},"_links":{"self":[{"href":"https:\/\/sn.ezoneretails.com\/en\/wp-json\/wp\/v2\/product\/97189","targetHints":{"allow":["GET"]}}],"collection":[{"href":"https:\/\/sn.ezoneretails.com\/en\/wp-json\/wp\/v2\/product"}],"about":[{"href":"https:\/\/sn.ezoneretails.com\/en\/wp-json\/wp\/v2\/types\/product"}],"replies":[{"embeddable":true,"href":"https:\/\/sn.ezoneretails.com\/en\/wp-json\/wp\/v2\/comments?post=97189"}],"version-history":[{"count":5,"href":"https:\/\/sn.ezoneretails.com\/en\/wp-json\/wp\/v2\/product\/97189\/revisions"}],"predecessor-version":[{"id":99465,"href":"https:\/\/sn.ezoneretails.com\/en\/wp-json\/wp\/v2\/product\/97189\/revisions\/99465"}],"wp:featuredmedia":[{"embeddable":true,"href":"https:\/\/sn.ezoneretails.com\/en\/wp-json\/wp\/v2\/media\/98973"}],"wp:attachment":[{"href":"https:\/\/sn.ezoneretails.com\/en\/wp-json\/wp\/v2\/media?parent=97189"}],"wp:term":[{"taxonomy":"product_brand","embeddable":true,"href":"https:\/\/sn.ezoneretails.com\/en\/wp-json\/wp\/v2\/product_brand?post=97189"},{"taxonomy":"product_cat","embeddable":true,"href":"https:\/\/sn.ezoneretails.com\/en\/wp-json\/wp\/v2\/product_cat?post=97189"},{"taxonomy":"product_tag","embeddable":true,"href":"https:\/\/sn.ezoneretails.com\/en\/wp-json\/wp\/v2\/product_tag?post=97189"}],"curies":[{"name":"wp","href":"https:\/\/api.w.org\/{rel}","templated":true}]}}