{"id":97173,"date":"2025-12-16T08:36:05","date_gmt":"2025-12-16T08:36:05","guid":{"rendered":"https:\/\/sn.ezoneretails.com\/?post_type=product&#038;p=97173"},"modified":"2026-02-16T12:11:38","modified_gmt":"2026-02-16T12:11:38","slug":"roch-machine-a-laver-rwm-80si-h","status":"publish","type":"product","link":"https:\/\/sn.ezoneretails.com\/en\/product\/roch-machine-a-laver-rwm-80si-h\/","title":{"rendered":"ROCH Washing Machine RWM-80SI-H"},"content":{"rendered":"","protected":false},"excerpt":{"rendered":"<p data-start=\"334\" data-end=\"618\">There <strong data-start=\"337\" data-end=\"356\">ROCH RWM-80SI-H<\/strong> is a modern washing machine equipped with a motor <strong data-start=\"409\" data-end=\"421\">Inverter<\/strong>, offering optimal performance while reducing energy consumption. With a capacity of <strong data-start=\"522\" data-end=\"530\">8KG<\/strong>, It is perfectly suited to the needs of a family or intensive daily use.<\/p>\n<p data-start=\"620\" data-end=\"886\">Classified <strong data-start=\"628\" data-end=\"636\">A+++<\/strong>, it allows up to <strong data-start=\"658\" data-end=\"688\">20 % energy savings<\/strong>, This significantly reduces electricity costs. <strong data-start=\"750\" data-end=\"786\">IPX4 water resistance rating<\/strong> provides additional protection against splashes, ensuring durability and safety.<\/p>\n<p data-start=\"888\" data-end=\"1211\">Equipped with a <strong data-start=\"899\" data-end=\"923\">large front porthole<\/strong>, The machine allows for easy and quick loading. Its <strong data-start=\"979\" data-end=\"1002\">digital display<\/strong> Intuitive, it offers simplified access to all washing programs.<br data-start=\"1069\" data-end=\"1072\" \/>With its elegant design and modern metallic finish, it fits perfectly into any contemporary bathroom or laundry room.<\/p>\n<p data-start=\"1213\" data-end=\"1314\">The machine benefits from a <strong data-start=\"1240\" data-end=\"1263\">12 month warranty<\/strong>, ensuring reliability and peace of mind.<\/p>","protected":false},"featured_media":99223,"comment_status":"open","ping_status":"closed","template":"","meta":[],"product_brand":[],"product_cat":[59],"product_tag":[],"class_list":{"0":"post-97173","1":"product","2":"type-product","3":"status-publish","4":"has-post-thumbnail","6":"product_cat-washing-machine","8":"first","9":"instock","10":"sale","11":"shipping-taxable","12":"purchasable","13":"product-type-simple"},"yoast_head":"<!-- This site is optimized with the Yoast SEO plugin v27.4 - https:\/\/yoast.com\/product\/yoast-seo-wordpress\/ -->\n<title>ROCH Machine \u00c0 Laver RWM-80SI-H - Ezone Electronics Senegal<\/title>\n<meta name=\"robots\" content=\"index, follow, max-snippet:-1, max-image-preview:large, max-video-preview:-1\" \/>\n<link rel=\"canonical\" href=\"https:\/\/sn.ezoneretails.com\/en\/product\/roch-machine-a-laver-rwm-80si-h\/\" \/>\n<meta property=\"og:locale\" content=\"en_US\" \/>\n<meta property=\"og:type\" content=\"article\" \/>\n<meta property=\"og:title\" content=\"ROCH Machine \u00c0 Laver RWM-80SI-H - Ezone Electronics Senegal\" \/>\n<meta property=\"og:description\" content=\"La ROCH RWM-80SI-H est une machine \u00e0 laver moderne \u00e9quip\u00e9e d\u2019un moteur Inverter, offrant une performance optimale tout en r\u00e9duisant la consommation d\u2019\u00e9nergie. Avec une capacit\u00e9 de 8 KG, elle s\u2019adapte parfaitement aux besoins d\u2019une famille ou d\u2019un usage quotidien intensif. Class\u00e9e A+++, elle permet jusqu\u2019\u00e0 20 % d\u2019\u00e9conomies d\u2019\u00e9nergie, ce qui r\u00e9duit consid\u00e9rablement les co\u00fbts d\u2019\u00e9lectricit\u00e9. Son degr\u00e9 de r\u00e9sistance \u00e0 l\u2019eau IPX4 assure une protection suppl\u00e9mentaire contre les \u00e9claboussures, garantissant durabilit\u00e9 et s\u00e9curit\u00e9. Dot\u00e9e d\u2019un grand hublot frontal, la machine permet un chargement facile et rapide. Son affichage num\u00e9rique intuitif offre un acc\u00e8s simplifi\u00e9 \u00e0 tous les programmes de lavage.Avec son design \u00e9l\u00e9gant et sa finition m\u00e9tallique moderne, elle s\u2019int\u00e8gre parfaitement dans toute salle de bain ou buanderie contemporaine. La machine b\u00e9n\u00e9ficie d\u2019une garantie de 12 mois, vous assurant fiabilit\u00e9 et tranquillit\u00e9 d\u2019esprit.\" \/>\n<meta property=\"og:url\" content=\"https:\/\/sn.ezoneretails.com\/en\/product\/roch-machine-a-laver-rwm-80si-h\/\" \/>\n<meta property=\"og:site_name\" content=\"Ezone Electronics Senegal\" \/>\n<meta property=\"article:modified_time\" content=\"2026-02-16T12:11:38+00:00\" \/>\n<meta property=\"og:image\" content=\"https:\/\/sn.ezoneretails.com\/wp-content\/uploads\/2025\/12\/Roch-Washing-Machine-Rwm-80si-h_03.jpg\" \/>\n\t<meta property=\"og:image:width\" content=\"600\" \/>\n\t<meta property=\"og:image:height\" content=\"600\" \/>\n\t<meta property=\"og:image:type\" content=\"image\/jpeg\" \/>\n<meta name=\"twitter:card\" content=\"summary_large_image\" \/>\n<meta name=\"twitter:label1\" content=\"Est. reading time\" \/>\n\t<meta name=\"twitter:data1\" content=\"1 minute\" \/>\n<script type=\"application\/ld+json\" class=\"yoast-schema-graph\">{\"@context\":\"https:\\\/\\\/schema.org\",\"@graph\":[{\"@type\":\"WebPage\",\"@id\":\"https:\\\/\\\/sn.ezoneretails.com\\\/product\\\/roch-machine-a-laver-rwm-80si-h\\\/\",\"url\":\"https:\\\/\\\/sn.ezoneretails.com\\\/product\\\/roch-machine-a-laver-rwm-80si-h\\\/\",\"name\":\"ROCH Machine \u00c0 Laver RWM-80SI-H - Ezone Electronics Senegal\",\"isPartOf\":{\"@id\":\"https:\\\/\\\/sn.ezoneretails.com\\\/en\\\/#website\"},\"primaryImageOfPage\":{\"@id\":\"https:\\\/\\\/sn.ezoneretails.com\\\/product\\\/roch-machine-a-laver-rwm-80si-h\\\/#primaryimage\"},\"image\":{\"@id\":\"https:\\\/\\\/sn.ezoneretails.com\\\/product\\\/roch-machine-a-laver-rwm-80si-h\\\/#primaryimage\"},\"thumbnailUrl\":\"https:\\\/\\\/sn.ezoneretails.com\\\/wp-content\\\/uploads\\\/2025\\\/12\\\/Roch-Washing-Machine-Rwm-80si-h_03.jpg\",\"datePublished\":\"2025-12-16T08:36:05+00:00\",\"dateModified\":\"2026-02-16T12:11:38+00:00\",\"breadcrumb\":{\"@id\":\"https:\\\/\\\/sn.ezoneretails.com\\\/product\\\/roch-machine-a-laver-rwm-80si-h\\\/#breadcrumb\"},\"inLanguage\":\"en-US\",\"potentialAction\":[{\"@type\":\"ReadAction\",\"target\":[\"https:\\\/\\\/sn.ezoneretails.com\\\/product\\\/roch-machine-a-laver-rwm-80si-h\\\/\"]}]},{\"@type\":\"ImageObject\",\"inLanguage\":\"en-US\",\"@id\":\"https:\\\/\\\/sn.ezoneretails.com\\\/product\\\/roch-machine-a-laver-rwm-80si-h\\\/#primaryimage\",\"url\":\"https:\\\/\\\/sn.ezoneretails.com\\\/wp-content\\\/uploads\\\/2025\\\/12\\\/Roch-Washing-Machine-Rwm-80si-h_03.jpg\",\"contentUrl\":\"https:\\\/\\\/sn.ezoneretails.com\\\/wp-content\\\/uploads\\\/2025\\\/12\\\/Roch-Washing-Machine-Rwm-80si-h_03.jpg\",\"width\":600,\"height\":600},{\"@type\":\"BreadcrumbList\",\"@id\":\"https:\\\/\\\/sn.ezoneretails.com\\\/product\\\/roch-machine-a-laver-rwm-80si-h\\\/#breadcrumb\",\"itemListElement\":[{\"@type\":\"ListItem\",\"position\":1,\"name\":\"Home\",\"item\":\"https:\\\/\\\/sn.ezoneretails.com\\\/\"},{\"@type\":\"ListItem\",\"position\":2,\"name\":\"Shop\",\"item\":\"https:\\\/\\\/sn.ezoneretails.com\\\/en\\\/shop\\\/\"},{\"@type\":\"ListItem\",\"position\":3,\"name\":\"ROCH Machine \u00c0 Laver RWM-80SI-H\"}]},{\"@type\":\"WebSite\",\"@id\":\"https:\\\/\\\/sn.ezoneretails.com\\\/en\\\/#website\",\"url\":\"https:\\\/\\\/sn.ezoneretails.com\\\/en\\\/\",\"name\":\"Ezone Electronics Senegal\",\"description\":\"\",\"potentialAction\":[{\"@type\":\"SearchAction\",\"target\":{\"@type\":\"EntryPoint\",\"urlTemplate\":\"https:\\\/\\\/sn.ezoneretails.com\\\/en\\\/?s={search_term_string}\"},\"query-input\":{\"@type\":\"PropertyValueSpecification\",\"valueRequired\":true,\"valueName\":\"search_term_string\"}}],\"inLanguage\":\"en-US\"}]}<\/script>\n<!-- \/ Yoast SEO plugin. -->","yoast_head_json":{"title":"ROCH Machine \u00c0 Laver RWM-80SI-H - Ezone Electronics Senegal","robots":{"index":"index","follow":"follow","max-snippet":"max-snippet:-1","max-image-preview":"max-image-preview:large","max-video-preview":"max-video-preview:-1"},"canonical":"https:\/\/sn.ezoneretails.com\/en\/product\/roch-machine-a-laver-rwm-80si-h\/","og_locale":"en_US","og_type":"article","og_title":"ROCH Machine \u00c0 Laver RWM-80SI-H - Ezone Electronics Senegal","og_description":"La ROCH RWM-80SI-H est une machine \u00e0 laver moderne \u00e9quip\u00e9e d\u2019un moteur Inverter, offrant une performance optimale tout en r\u00e9duisant la consommation d\u2019\u00e9nergie. Avec une capacit\u00e9 de 8 KG, elle s\u2019adapte parfaitement aux besoins d\u2019une famille ou d\u2019un usage quotidien intensif. Class\u00e9e A+++, elle permet jusqu\u2019\u00e0 20 % d\u2019\u00e9conomies d\u2019\u00e9nergie, ce qui r\u00e9duit consid\u00e9rablement les co\u00fbts d\u2019\u00e9lectricit\u00e9. Son degr\u00e9 de r\u00e9sistance \u00e0 l\u2019eau IPX4 assure une protection suppl\u00e9mentaire contre les \u00e9claboussures, garantissant durabilit\u00e9 et s\u00e9curit\u00e9. Dot\u00e9e d\u2019un grand hublot frontal, la machine permet un chargement facile et rapide. Son affichage num\u00e9rique intuitif offre un acc\u00e8s simplifi\u00e9 \u00e0 tous les programmes de lavage.Avec son design \u00e9l\u00e9gant et sa finition m\u00e9tallique moderne, elle s\u2019int\u00e8gre parfaitement dans toute salle de bain ou buanderie contemporaine. La machine b\u00e9n\u00e9ficie d\u2019une garantie de 12 mois, vous assurant fiabilit\u00e9 et tranquillit\u00e9 d\u2019esprit.","og_url":"https:\/\/sn.ezoneretails.com\/en\/product\/roch-machine-a-laver-rwm-80si-h\/","og_site_name":"Ezone Electronics Senegal","article_modified_time":"2026-02-16T12:11:38+00:00","og_image":[{"width":600,"height":600,"url":"https:\/\/sn.ezoneretails.com\/wp-content\/uploads\/2025\/12\/Roch-Washing-Machine-Rwm-80si-h_03.jpg","type":"image\/jpeg"}],"twitter_card":"summary_large_image","twitter_misc":{"Est. reading time":"1 minute"},"schema":{"@context":"https:\/\/schema.org","@graph":[{"@type":"WebPage","@id":"https:\/\/sn.ezoneretails.com\/product\/roch-machine-a-laver-rwm-80si-h\/","url":"https:\/\/sn.ezoneretails.com\/product\/roch-machine-a-laver-rwm-80si-h\/","name":"ROCH Machine \u00c0 Laver RWM-80SI-H - Ezone Electronics Senegal","isPartOf":{"@id":"https:\/\/sn.ezoneretails.com\/en\/#website"},"primaryImageOfPage":{"@id":"https:\/\/sn.ezoneretails.com\/product\/roch-machine-a-laver-rwm-80si-h\/#primaryimage"},"image":{"@id":"https:\/\/sn.ezoneretails.com\/product\/roch-machine-a-laver-rwm-80si-h\/#primaryimage"},"thumbnailUrl":"https:\/\/sn.ezoneretails.com\/wp-content\/uploads\/2025\/12\/Roch-Washing-Machine-Rwm-80si-h_03.jpg","datePublished":"2025-12-16T08:36:05+00:00","dateModified":"2026-02-16T12:11:38+00:00","breadcrumb":{"@id":"https:\/\/sn.ezoneretails.com\/product\/roch-machine-a-laver-rwm-80si-h\/#breadcrumb"},"inLanguage":"en-US","potentialAction":[{"@type":"ReadAction","target":["https:\/\/sn.ezoneretails.com\/product\/roch-machine-a-laver-rwm-80si-h\/"]}]},{"@type":"ImageObject","inLanguage":"en-US","@id":"https:\/\/sn.ezoneretails.com\/product\/roch-machine-a-laver-rwm-80si-h\/#primaryimage","url":"https:\/\/sn.ezoneretails.com\/wp-content\/uploads\/2025\/12\/Roch-Washing-Machine-Rwm-80si-h_03.jpg","contentUrl":"https:\/\/sn.ezoneretails.com\/wp-content\/uploads\/2025\/12\/Roch-Washing-Machine-Rwm-80si-h_03.jpg","width":600,"height":600},{"@type":"BreadcrumbList","@id":"https:\/\/sn.ezoneretails.com\/product\/roch-machine-a-laver-rwm-80si-h\/#breadcrumb","itemListElement":[{"@type":"ListItem","position":1,"name":"Home","item":"https:\/\/sn.ezoneretails.com\/"},{"@type":"ListItem","position":2,"name":"Shop","item":"https:\/\/sn.ezoneretails.com\/en\/shop\/"},{"@type":"ListItem","position":3,"name":"ROCH Machine \u00c0 Laver RWM-80SI-H"}]},{"@type":"WebSite","@id":"https:\/\/sn.ezoneretails.com\/en\/#website","url":"https:\/\/sn.ezoneretails.com\/en\/","name":"Ezone Electronics Senegal","description":"","potentialAction":[{"@type":"SearchAction","target":{"@type":"EntryPoint","urlTemplate":"https:\/\/sn.ezoneretails.com\/en\/?s={search_term_string}"},"query-input":{"@type":"PropertyValueSpecification","valueRequired":true,"valueName":"search_term_string"}}],"inLanguage":"en-US"}]}},"_links":{"self":[{"href":"https:\/\/sn.ezoneretails.com\/en\/wp-json\/wp\/v2\/product\/97173","targetHints":{"allow":["GET"]}}],"collection":[{"href":"https:\/\/sn.ezoneretails.com\/en\/wp-json\/wp\/v2\/product"}],"about":[{"href":"https:\/\/sn.ezoneretails.com\/en\/wp-json\/wp\/v2\/types\/product"}],"replies":[{"embeddable":true,"href":"https:\/\/sn.ezoneretails.com\/en\/wp-json\/wp\/v2\/comments?post=97173"}],"version-history":[{"count":5,"href":"https:\/\/sn.ezoneretails.com\/en\/wp-json\/wp\/v2\/product\/97173\/revisions"}],"predecessor-version":[{"id":99467,"href":"https:\/\/sn.ezoneretails.com\/en\/wp-json\/wp\/v2\/product\/97173\/revisions\/99467"}],"wp:featuredmedia":[{"embeddable":true,"href":"https:\/\/sn.ezoneretails.com\/en\/wp-json\/wp\/v2\/media\/99223"}],"wp:attachment":[{"href":"https:\/\/sn.ezoneretails.com\/en\/wp-json\/wp\/v2\/media?parent=97173"}],"wp:term":[{"taxonomy":"product_brand","embeddable":true,"href":"https:\/\/sn.ezoneretails.com\/en\/wp-json\/wp\/v2\/product_brand?post=97173"},{"taxonomy":"product_cat","embeddable":true,"href":"https:\/\/sn.ezoneretails.com\/en\/wp-json\/wp\/v2\/product_cat?post=97173"},{"taxonomy":"product_tag","embeddable":true,"href":"https:\/\/sn.ezoneretails.com\/en\/wp-json\/wp\/v2\/product_tag?post=97173"}],"curies":[{"name":"wp","href":"https:\/\/api.w.org\/{rel}","templated":true}]}}