{"id":97165,"date":"2025-05-24T07:21:50","date_gmt":"2025-05-24T07:21:50","guid":{"rendered":"https:\/\/sn.ezoneretails.com\/?post_type=product&#038;p=97165"},"modified":"2026-02-16T12:09:55","modified_gmt":"2026-02-16T12:09:55","slug":"roch-wall-fan-rwf-1805r-d","status":"publish","type":"product","link":"https:\/\/sn.ezoneretails.com\/en\/product\/roch-wall-fan-rwf-1805r-d\/","title":{"rendered":"ROCH Wall Fan RWF-1805R-D"},"content":{"rendered":"","protected":false},"excerpt":{"rendered":"<p>There <strong>ROCH RWDR-10D6-H washing machine<\/strong> is a high-end household appliance, combining <strong>washing and drying in one 2-in-1 unit<\/strong>, ideal for modern homes looking for practicality, efficiency and space saving. With a <strong>10 kg washing capacity<\/strong> and one <strong>6 kg drying capacity<\/strong>, it easily meets the needs of families, while offering optimal performance in each cycle.<\/p>\n<p>Equipped with a <strong>digital and touch screen<\/strong>, the machine offers intuitive and simplified operation. The user can easily select programs, adjust temperature or time settings, and monitor the progress of cycles in real time. This modern control system enhances comfort and user experience.<\/p>\n<p>Designed in <strong>stainless steel<\/strong>, it guarantees a <strong>exceptional durability<\/strong>, a <strong>corrosion resistance<\/strong> and perfect hygiene of the drum. Its <strong>low energy consumption<\/strong> also makes one <strong>energy-efficient equipment<\/strong>, suitable for households keen to reduce their environmental impact while controlling their electricity bill.<\/p>\n<p>With its compact dimensions \u2014 <strong>83 cm high, 61 cm wide and 50 cm deep<\/strong> \u2014, it fits easily into any laundry room, bathroom or even kitchen configuration, while offering a large loading capacity. Its <strong>elegant gray color<\/strong> and sober allows it to adapt harmoniously to all interior styles.<\/p>\n<p>There <strong>ROCH RWDR-10D6-H<\/strong> embodies the perfect marriage between <strong>technology, robustness and performance<\/strong>, offering a <strong>daily comfort<\/strong> for users looking for an all-in-one solution to maintain their laundry efficiently, quickly and reliably.<\/p>","protected":false},"featured_media":97440,"comment_status":"open","ping_status":"closed","template":"","meta":[],"product_brand":[],"product_cat":[71],"product_tag":[],"class_list":{"0":"post-97165","1":"product","2":"type-product","3":"status-publish","4":"has-post-thumbnail","6":"product_cat-fans-cooler","8":"first","9":"instock","10":"sale","11":"featured","12":"shipping-taxable","13":"purchasable","14":"product-type-simple"},"yoast_head":"<!-- This site is optimized with the Yoast SEO plugin v27.4 - https:\/\/yoast.com\/product\/yoast-seo-wordpress\/ -->\n<title>ROCH Ventilateur Mural RWF-1805R-D - Ezone Electronics Senegal<\/title>\n<meta name=\"robots\" content=\"index, follow, max-snippet:-1, max-image-preview:large, max-video-preview:-1\" \/>\n<link rel=\"canonical\" href=\"https:\/\/sn.ezoneretails.com\/en\/product\/roch-wall-fan-rwf-1805r-d\/\" \/>\n<meta property=\"og:locale\" content=\"en_US\" \/>\n<meta property=\"og:type\" content=\"article\" \/>\n<meta property=\"og:title\" content=\"ROCH Ventilateur Mural RWF-1805R-D - Ezone Electronics Senegal\" \/>\n<meta property=\"og:description\" content=\"La machine \u00e0 laver ROCH RWDR-10D6-H est un appareil \u00e9lectrom\u00e9nager haut de gamme, combinant lavage et s\u00e9chage en une seule unit\u00e9 2 en 1, id\u00e9al pour les foyers modernes \u00e0 la recherche de praticit\u00e9, d\u2019efficacit\u00e9 et de gain de place. Avec une capacit\u00e9 de lavage de 10 kg et une capacit\u00e9 de s\u00e9chage de 6 kg, elle r\u00e9pond ais\u00e9ment aux besoins des familles, tout en offrant des performances optimales \u00e0 chaque cycle.  Dot\u00e9e d\u2019un \u00e9cran digital et tactile, la machine propose une utilisation intuitive et simplifi\u00e9e. L\u2019utilisateur peut facilement choisir les programmes, ajuster les r\u00e9glages de temp\u00e9rature ou de temps, et suivre le d\u00e9roulement des cycles en temps r\u00e9el. Ce syst\u00e8me de commande moderne renforce le confort et l\u2019exp\u00e9rience d\u2019utilisation.  Con\u00e7ue en acier inoxydable, elle garantit une durabilit\u00e9 exceptionnelle, une r\u00e9sistance \u00e0 la corrosion et une hygi\u00e8ne parfaite du tambour. Sa faible consommation d\u2019\u00e9nergie en fait \u00e9galement un \u00e9quipement \u00e9co\u00e9nerg\u00e9tique, adapt\u00e9 aux foyers soucieux de r\u00e9duire leur impact environnemental tout en ma\u00eetrisant leur facture d\u2019\u00e9lectricit\u00e9.  Avec ses dimensions compactes \u2014 83 cm de hauteur, 61 cm de largeur et 50 cm de profondeur \u2014, elle s\u2019int\u00e8gre facilement dans toutes les configurations de buanderie, salle de bain ou m\u00eame cuisine, tout en offrant une grande capacit\u00e9 de chargement. Sa couleur grise \u00e9l\u00e9gante et sobre lui permet de s\u2019adapter harmonieusement \u00e0 tous les styles d\u2019int\u00e9rieur.  La ROCH RWDR-10D6-H incarne le mariage parfait entre technologie, robustesse et performance, offrant un confort quotidien aux utilisateurs \u00e0 la recherche d\u2019une solution tout-en-un pour entretenir leur linge avec efficacit\u00e9, rapidit\u00e9 et fiabilit\u00e9.\" \/>\n<meta property=\"og:url\" content=\"https:\/\/sn.ezoneretails.com\/en\/product\/roch-wall-fan-rwf-1805r-d\/\" \/>\n<meta property=\"og:site_name\" content=\"Ezone Electronics Senegal\" \/>\n<meta property=\"article:modified_time\" content=\"2026-02-16T12:09:55+00:00\" \/>\n<meta property=\"og:image\" content=\"https:\/\/sn.ezoneretails.com\/wp-content\/uploads\/2025\/05\/Roch-Wall-Fan-Rwf-1805-d-600-1.jpg\" \/>\n\t<meta property=\"og:image:width\" content=\"600\" \/>\n\t<meta property=\"og:image:height\" content=\"600\" \/>\n\t<meta property=\"og:image:type\" content=\"image\/jpeg\" \/>\n<meta name=\"twitter:card\" content=\"summary_large_image\" \/>\n<meta name=\"twitter:label1\" content=\"Est. reading time\" \/>\n\t<meta name=\"twitter:data1\" content=\"1 minute\" \/>\n<script type=\"application\/ld+json\" class=\"yoast-schema-graph\">{\"@context\":\"https:\\\/\\\/schema.org\",\"@graph\":[{\"@type\":\"WebPage\",\"@id\":\"https:\\\/\\\/sn.ezoneretails.com\\\/product\\\/roch-wall-fan-rwf-1805r-d\\\/\",\"url\":\"https:\\\/\\\/sn.ezoneretails.com\\\/product\\\/roch-wall-fan-rwf-1805r-d\\\/\",\"name\":\"ROCH Ventilateur Mural RWF-1805R-D - Ezone Electronics Senegal\",\"isPartOf\":{\"@id\":\"https:\\\/\\\/sn.ezoneretails.com\\\/en\\\/#website\"},\"primaryImageOfPage\":{\"@id\":\"https:\\\/\\\/sn.ezoneretails.com\\\/product\\\/roch-wall-fan-rwf-1805r-d\\\/#primaryimage\"},\"image\":{\"@id\":\"https:\\\/\\\/sn.ezoneretails.com\\\/product\\\/roch-wall-fan-rwf-1805r-d\\\/#primaryimage\"},\"thumbnailUrl\":\"https:\\\/\\\/sn.ezoneretails.com\\\/wp-content\\\/uploads\\\/2025\\\/05\\\/Roch-Wall-Fan-Rwf-1805-d-600-1.jpg\",\"datePublished\":\"2025-05-24T07:21:50+00:00\",\"dateModified\":\"2026-02-16T12:09:55+00:00\",\"breadcrumb\":{\"@id\":\"https:\\\/\\\/sn.ezoneretails.com\\\/product\\\/roch-wall-fan-rwf-1805r-d\\\/#breadcrumb\"},\"inLanguage\":\"en-US\",\"potentialAction\":[{\"@type\":\"ReadAction\",\"target\":[\"https:\\\/\\\/sn.ezoneretails.com\\\/product\\\/roch-wall-fan-rwf-1805r-d\\\/\"]}]},{\"@type\":\"ImageObject\",\"inLanguage\":\"en-US\",\"@id\":\"https:\\\/\\\/sn.ezoneretails.com\\\/product\\\/roch-wall-fan-rwf-1805r-d\\\/#primaryimage\",\"url\":\"https:\\\/\\\/sn.ezoneretails.com\\\/wp-content\\\/uploads\\\/2025\\\/05\\\/Roch-Wall-Fan-Rwf-1805-d-600-1.jpg\",\"contentUrl\":\"https:\\\/\\\/sn.ezoneretails.com\\\/wp-content\\\/uploads\\\/2025\\\/05\\\/Roch-Wall-Fan-Rwf-1805-d-600-1.jpg\",\"width\":600,\"height\":600},{\"@type\":\"BreadcrumbList\",\"@id\":\"https:\\\/\\\/sn.ezoneretails.com\\\/product\\\/roch-wall-fan-rwf-1805r-d\\\/#breadcrumb\",\"itemListElement\":[{\"@type\":\"ListItem\",\"position\":1,\"name\":\"Home\",\"item\":\"https:\\\/\\\/sn.ezoneretails.com\\\/\"},{\"@type\":\"ListItem\",\"position\":2,\"name\":\"Shop\",\"item\":\"https:\\\/\\\/sn.ezoneretails.com\\\/en\\\/shop\\\/\"},{\"@type\":\"ListItem\",\"position\":3,\"name\":\"ROCH Ventilateur Mural RWF-1805R-D\"}]},{\"@type\":\"WebSite\",\"@id\":\"https:\\\/\\\/sn.ezoneretails.com\\\/en\\\/#website\",\"url\":\"https:\\\/\\\/sn.ezoneretails.com\\\/en\\\/\",\"name\":\"Ezone Electronics Senegal\",\"description\":\"\",\"potentialAction\":[{\"@type\":\"SearchAction\",\"target\":{\"@type\":\"EntryPoint\",\"urlTemplate\":\"https:\\\/\\\/sn.ezoneretails.com\\\/en\\\/?s={search_term_string}\"},\"query-input\":{\"@type\":\"PropertyValueSpecification\",\"valueRequired\":true,\"valueName\":\"search_term_string\"}}],\"inLanguage\":\"en-US\"}]}<\/script>\n<!-- \/ Yoast SEO plugin. -->","yoast_head_json":{"title":"ROCH Ventilateur Mural RWF-1805R-D - Ezone Electronics Senegal","robots":{"index":"index","follow":"follow","max-snippet":"max-snippet:-1","max-image-preview":"max-image-preview:large","max-video-preview":"max-video-preview:-1"},"canonical":"https:\/\/sn.ezoneretails.com\/en\/product\/roch-wall-fan-rwf-1805r-d\/","og_locale":"en_US","og_type":"article","og_title":"ROCH Ventilateur Mural RWF-1805R-D - Ezone Electronics Senegal","og_description":"La machine \u00e0 laver ROCH RWDR-10D6-H est un appareil \u00e9lectrom\u00e9nager haut de gamme, combinant lavage et s\u00e9chage en une seule unit\u00e9 2 en 1, id\u00e9al pour les foyers modernes \u00e0 la recherche de praticit\u00e9, d\u2019efficacit\u00e9 et de gain de place. Avec une capacit\u00e9 de lavage de 10 kg et une capacit\u00e9 de s\u00e9chage de 6 kg, elle r\u00e9pond ais\u00e9ment aux besoins des familles, tout en offrant des performances optimales \u00e0 chaque cycle.  Dot\u00e9e d\u2019un \u00e9cran digital et tactile, la machine propose une utilisation intuitive et simplifi\u00e9e. L\u2019utilisateur peut facilement choisir les programmes, ajuster les r\u00e9glages de temp\u00e9rature ou de temps, et suivre le d\u00e9roulement des cycles en temps r\u00e9el. Ce syst\u00e8me de commande moderne renforce le confort et l\u2019exp\u00e9rience d\u2019utilisation.  Con\u00e7ue en acier inoxydable, elle garantit une durabilit\u00e9 exceptionnelle, une r\u00e9sistance \u00e0 la corrosion et une hygi\u00e8ne parfaite du tambour. Sa faible consommation d\u2019\u00e9nergie en fait \u00e9galement un \u00e9quipement \u00e9co\u00e9nerg\u00e9tique, adapt\u00e9 aux foyers soucieux de r\u00e9duire leur impact environnemental tout en ma\u00eetrisant leur facture d\u2019\u00e9lectricit\u00e9.  Avec ses dimensions compactes \u2014 83 cm de hauteur, 61 cm de largeur et 50 cm de profondeur \u2014, elle s\u2019int\u00e8gre facilement dans toutes les configurations de buanderie, salle de bain ou m\u00eame cuisine, tout en offrant une grande capacit\u00e9 de chargement. Sa couleur grise \u00e9l\u00e9gante et sobre lui permet de s\u2019adapter harmonieusement \u00e0 tous les styles d\u2019int\u00e9rieur.  La ROCH RWDR-10D6-H incarne le mariage parfait entre technologie, robustesse et performance, offrant un confort quotidien aux utilisateurs \u00e0 la recherche d\u2019une solution tout-en-un pour entretenir leur linge avec efficacit\u00e9, rapidit\u00e9 et fiabilit\u00e9.","og_url":"https:\/\/sn.ezoneretails.com\/en\/product\/roch-wall-fan-rwf-1805r-d\/","og_site_name":"Ezone Electronics Senegal","article_modified_time":"2026-02-16T12:09:55+00:00","og_image":[{"width":600,"height":600,"url":"https:\/\/sn.ezoneretails.com\/wp-content\/uploads\/2025\/05\/Roch-Wall-Fan-Rwf-1805-d-600-1.jpg","type":"image\/jpeg"}],"twitter_card":"summary_large_image","twitter_misc":{"Est. reading time":"1 minute"},"schema":{"@context":"https:\/\/schema.org","@graph":[{"@type":"WebPage","@id":"https:\/\/sn.ezoneretails.com\/product\/roch-wall-fan-rwf-1805r-d\/","url":"https:\/\/sn.ezoneretails.com\/product\/roch-wall-fan-rwf-1805r-d\/","name":"ROCH Ventilateur Mural RWF-1805R-D - Ezone Electronics Senegal","isPartOf":{"@id":"https:\/\/sn.ezoneretails.com\/en\/#website"},"primaryImageOfPage":{"@id":"https:\/\/sn.ezoneretails.com\/product\/roch-wall-fan-rwf-1805r-d\/#primaryimage"},"image":{"@id":"https:\/\/sn.ezoneretails.com\/product\/roch-wall-fan-rwf-1805r-d\/#primaryimage"},"thumbnailUrl":"https:\/\/sn.ezoneretails.com\/wp-content\/uploads\/2025\/05\/Roch-Wall-Fan-Rwf-1805-d-600-1.jpg","datePublished":"2025-05-24T07:21:50+00:00","dateModified":"2026-02-16T12:09:55+00:00","breadcrumb":{"@id":"https:\/\/sn.ezoneretails.com\/product\/roch-wall-fan-rwf-1805r-d\/#breadcrumb"},"inLanguage":"en-US","potentialAction":[{"@type":"ReadAction","target":["https:\/\/sn.ezoneretails.com\/product\/roch-wall-fan-rwf-1805r-d\/"]}]},{"@type":"ImageObject","inLanguage":"en-US","@id":"https:\/\/sn.ezoneretails.com\/product\/roch-wall-fan-rwf-1805r-d\/#primaryimage","url":"https:\/\/sn.ezoneretails.com\/wp-content\/uploads\/2025\/05\/Roch-Wall-Fan-Rwf-1805-d-600-1.jpg","contentUrl":"https:\/\/sn.ezoneretails.com\/wp-content\/uploads\/2025\/05\/Roch-Wall-Fan-Rwf-1805-d-600-1.jpg","width":600,"height":600},{"@type":"BreadcrumbList","@id":"https:\/\/sn.ezoneretails.com\/product\/roch-wall-fan-rwf-1805r-d\/#breadcrumb","itemListElement":[{"@type":"ListItem","position":1,"name":"Home","item":"https:\/\/sn.ezoneretails.com\/"},{"@type":"ListItem","position":2,"name":"Shop","item":"https:\/\/sn.ezoneretails.com\/en\/shop\/"},{"@type":"ListItem","position":3,"name":"ROCH Ventilateur Mural RWF-1805R-D"}]},{"@type":"WebSite","@id":"https:\/\/sn.ezoneretails.com\/en\/#website","url":"https:\/\/sn.ezoneretails.com\/en\/","name":"Ezone Electronics Senegal","description":"","potentialAction":[{"@type":"SearchAction","target":{"@type":"EntryPoint","urlTemplate":"https:\/\/sn.ezoneretails.com\/en\/?s={search_term_string}"},"query-input":{"@type":"PropertyValueSpecification","valueRequired":true,"valueName":"search_term_string"}}],"inLanguage":"en-US"}]}},"_links":{"self":[{"href":"https:\/\/sn.ezoneretails.com\/en\/wp-json\/wp\/v2\/product\/97165","targetHints":{"allow":["GET"]}}],"collection":[{"href":"https:\/\/sn.ezoneretails.com\/en\/wp-json\/wp\/v2\/product"}],"about":[{"href":"https:\/\/sn.ezoneretails.com\/en\/wp-json\/wp\/v2\/types\/product"}],"replies":[{"embeddable":true,"href":"https:\/\/sn.ezoneretails.com\/en\/wp-json\/wp\/v2\/comments?post=97165"}],"version-history":[{"count":4,"href":"https:\/\/sn.ezoneretails.com\/en\/wp-json\/wp\/v2\/product\/97165\/revisions"}],"predecessor-version":[{"id":99450,"href":"https:\/\/sn.ezoneretails.com\/en\/wp-json\/wp\/v2\/product\/97165\/revisions\/99450"}],"wp:featuredmedia":[{"embeddable":true,"href":"https:\/\/sn.ezoneretails.com\/en\/wp-json\/wp\/v2\/media\/97440"}],"wp:attachment":[{"href":"https:\/\/sn.ezoneretails.com\/en\/wp-json\/wp\/v2\/media?parent=97165"}],"wp:term":[{"taxonomy":"product_brand","embeddable":true,"href":"https:\/\/sn.ezoneretails.com\/en\/wp-json\/wp\/v2\/product_brand?post=97165"},{"taxonomy":"product_cat","embeddable":true,"href":"https:\/\/sn.ezoneretails.com\/en\/wp-json\/wp\/v2\/product_cat?post=97165"},{"taxonomy":"product_tag","embeddable":true,"href":"https:\/\/sn.ezoneretails.com\/en\/wp-json\/wp\/v2\/product_tag?post=97165"}],"curies":[{"name":"wp","href":"https:\/\/api.w.org\/{rel}","templated":true}]}}