{"id":97144,"date":"2025-05-24T07:35:34","date_gmt":"2025-05-24T07:35:34","guid":{"rendered":"https:\/\/sn.ezoneretails.com\/?post_type=product&#038;p=97144"},"modified":"2026-02-14T06:36:13","modified_gmt":"2026-02-14T06:36:13","slug":"roch-climatiseur-sur-pied-rac-f48r4-a","status":"publish","type":"product","link":"https:\/\/sn.ezoneretails.com\/en\/product\/roch-climatiseur-sur-pied-rac-f48r4-a\/","title":{"rendered":"ROCH RAC-F48R4-A Floor-Standing Air Conditioner"},"content":{"rendered":"","protected":false},"excerpt":{"rendered":"<p>The standing air conditioner <strong>ROCH RAC-F48R4-A<\/strong> is an air conditioning solution <strong>ultra-powerful<\/strong>, designed to meet the needs of very large spaces such as halls, large meeting rooms, shops or public establishments. With a <strong>48,000 BTU\/h cooling capacity<\/strong> (equivalent to <strong>3.58 kW<\/strong>), this model offers a <strong>exceptional cooling performance<\/strong>, even in extreme heat conditions.<\/p>\n<p>Operating under a <strong>single-phase power supply 220-240V \/ 50Hz<\/strong>, it is compatible with standard electrical installations, which facilitates its integration without requiring complex modifications. Thanks to a <strong>consumption of 1,200 W in air conditioning<\/strong>, and a <strong>energy efficiency (power W\/W) of 2.98<\/strong>, the air conditioner <strong>RAC-F48R4-A<\/strong> displays a good compromise between performance and energy efficiency for its category. Its <strong>calorific value<\/strong> of <strong>5.3 W<\/strong> makes it also usable in contexts where supplemental heating is desired, although it is primarily optimized for cooling.<\/p>\n<p>The system guarantees a <strong>powerful airflow<\/strong>, with an internal flow of up to <strong>9.8 m\u00b3\/min<\/strong>, and an external flow reaching <strong>38 m\u00b3\/min<\/strong>, ensuring rapid and even distribution of fresh air throughout the room. This volume of circulating air provides constant cooling even in environments with a high density of people or electronic equipment.<\/p>\n<p>Furthermore, this model offers a <strong>dehumidification function<\/strong> capable of extracting up to <strong>1.3 liters of humidity per hour<\/strong>, significantly improving indoor air quality, especially in tropical or humid areas.<\/p>\n<p>Designed for intensive use, the <strong>ROCH RAC-F48R4-A<\/strong> combined <strong>robustness, power and ease of use<\/strong>, making it a strategic choice for those looking for a reliable floor-standing air conditioner, suitable for large volumes, while offering controlled energy consumption.<\/p>","protected":false},"featured_media":97438,"comment_status":"open","ping_status":"closed","template":"","meta":[],"product_brand":[],"product_cat":[109],"product_tag":[],"class_list":{"0":"post-97144","1":"product","2":"type-product","3":"status-publish","4":"has-post-thumbnail","6":"product_cat-uncategories","8":"first","9":"instock","10":"shipping-taxable","11":"purchasable","12":"product-type-simple"},"yoast_head":"<!-- This site is optimized with the Yoast SEO plugin v27.4 - https:\/\/yoast.com\/product\/yoast-seo-wordpress\/ -->\n<title>ROCH Climatiseur Sur Pied RAC-F48R4-A - Ezone Electronics Senegal<\/title>\n<meta name=\"robots\" content=\"index, follow, max-snippet:-1, max-image-preview:large, max-video-preview:-1\" \/>\n<link rel=\"canonical\" href=\"https:\/\/sn.ezoneretails.com\/en\/product\/roch-climatiseur-sur-pied-rac-f48r4-a\/\" \/>\n<meta property=\"og:locale\" content=\"en_US\" \/>\n<meta property=\"og:type\" content=\"article\" \/>\n<meta property=\"og:title\" content=\"ROCH Climatiseur Sur Pied RAC-F48R4-A - Ezone Electronics Senegal\" \/>\n<meta property=\"og:description\" content=\"Le climatiseur sur pied ROCH RAC-F48R4-A est une solution de climatisation ultra-puissante, con\u00e7ue pour r\u00e9pondre aux besoins des espaces tr\u00e8s vastes comme les halls, grandes salles de r\u00e9union, commerces ou \u00e9tablissements publics. Avec une capacit\u00e9 de refroidissement de 48 000 BTU\/h (\u00e9quivalent \u00e0 3,58 kW), ce mod\u00e8le offre une performance de refroidissement exceptionnelle, m\u00eame dans des conditions de chaleur extr\u00eame.  Fonctionnant sous une alimentation monophas\u00e9e 220-240V \/ 50Hz, il est compatible avec les installations \u00e9lectriques standards, ce qui facilite son int\u00e9gration sans n\u00e9cessiter de modification complexe. Gr\u00e2ce \u00e0 une consommation de 1 200 W en climatisation, et un rendement \u00e9nerg\u00e9tique (puissance W\/W) de 2,98, le climatiseur RAC-F48R4-A affiche un bon compromis entre performance et efficacit\u00e9 \u00e9nerg\u00e9tique pour sa cat\u00e9gorie. Sa puissance calorifique de 5,3 W le rend \u00e9galement utilisable dans des contextes o\u00f9 le chauffage compl\u00e9mentaire est souhait\u00e9, bien qu&#039;il soit principalement optimis\u00e9 pour le refroidissement.  Le syst\u00e8me garantit un d\u00e9bit d\u2019air puissant, avec un flux int\u00e9rieur allant jusqu\u2019\u00e0 9,8 m\u00b3\/min, et un flux ext\u00e9rieur atteignant 38 m\u00b3\/min, assurant une diffusion rapide et uniforme de l\u2019air frais dans toute la pi\u00e8ce. Ce volume d\u2019air en circulation permet un rafra\u00eechissement constant m\u00eame dans les environnements \u00e0 forte densit\u00e9 de personnes ou d\u2019\u00e9quipements \u00e9lectroniques.  Par ailleurs, ce mod\u00e8le propose une fonction de d\u00e9shumidification capable d\u2019extraire jusqu\u2019\u00e0 1,3 litre d\u2019humidit\u00e9 par heure, am\u00e9liorant consid\u00e9rablement la qualit\u00e9 de l\u2019air int\u00e9rieur, en particulier dans les zones tropicales ou humides.  Con\u00e7u pour les usages intensifs, le ROCH RAC-F48R4-A combine robustesse, puissance et confort d\u2019utilisation, en faisant un choix strat\u00e9gique pour ceux qui recherchent un climatiseur sur pied fiable, adapt\u00e9 aux grands volumes, tout en offrant une consommation \u00e9nerg\u00e9tique ma\u00eetris\u00e9e.\" \/>\n<meta property=\"og:url\" content=\"https:\/\/sn.ezoneretails.com\/en\/product\/roch-climatiseur-sur-pied-rac-f48r4-a\/\" \/>\n<meta property=\"og:site_name\" content=\"Ezone Electronics Senegal\" \/>\n<meta property=\"article:modified_time\" content=\"2026-02-14T06:36:13+00:00\" \/>\n<meta property=\"og:image\" content=\"https:\/\/sn.ezoneretails.com\/wp-content\/uploads\/2025\/05\/Roch-Standing-Aircon-Rac-F48R4-A-600.jpg\" \/>\n\t<meta property=\"og:image:width\" content=\"600\" \/>\n\t<meta property=\"og:image:height\" content=\"600\" \/>\n\t<meta property=\"og:image:type\" content=\"image\/jpeg\" \/>\n<meta name=\"twitter:card\" content=\"summary_large_image\" \/>\n<meta name=\"twitter:label1\" content=\"Est. reading time\" \/>\n\t<meta name=\"twitter:data1\" content=\"1 minute\" \/>\n<script type=\"application\/ld+json\" class=\"yoast-schema-graph\">{\"@context\":\"https:\\\/\\\/schema.org\",\"@graph\":[{\"@type\":\"WebPage\",\"@id\":\"https:\\\/\\\/sn.ezoneretails.com\\\/product\\\/roch-climatiseur-sur-pied-rac-f48r4-a\\\/\",\"url\":\"https:\\\/\\\/sn.ezoneretails.com\\\/product\\\/roch-climatiseur-sur-pied-rac-f48r4-a\\\/\",\"name\":\"ROCH Climatiseur Sur Pied RAC-F48R4-A - Ezone Electronics Senegal\",\"isPartOf\":{\"@id\":\"https:\\\/\\\/sn.ezoneretails.com\\\/en\\\/#website\"},\"primaryImageOfPage\":{\"@id\":\"https:\\\/\\\/sn.ezoneretails.com\\\/product\\\/roch-climatiseur-sur-pied-rac-f48r4-a\\\/#primaryimage\"},\"image\":{\"@id\":\"https:\\\/\\\/sn.ezoneretails.com\\\/product\\\/roch-climatiseur-sur-pied-rac-f48r4-a\\\/#primaryimage\"},\"thumbnailUrl\":\"https:\\\/\\\/sn.ezoneretails.com\\\/wp-content\\\/uploads\\\/2025\\\/05\\\/Roch-Standing-Aircon-Rac-F48R4-A-600.jpg\",\"datePublished\":\"2025-05-24T07:35:34+00:00\",\"dateModified\":\"2026-02-14T06:36:13+00:00\",\"breadcrumb\":{\"@id\":\"https:\\\/\\\/sn.ezoneretails.com\\\/product\\\/roch-climatiseur-sur-pied-rac-f48r4-a\\\/#breadcrumb\"},\"inLanguage\":\"en-US\",\"potentialAction\":[{\"@type\":\"ReadAction\",\"target\":[\"https:\\\/\\\/sn.ezoneretails.com\\\/product\\\/roch-climatiseur-sur-pied-rac-f48r4-a\\\/\"]}]},{\"@type\":\"ImageObject\",\"inLanguage\":\"en-US\",\"@id\":\"https:\\\/\\\/sn.ezoneretails.com\\\/product\\\/roch-climatiseur-sur-pied-rac-f48r4-a\\\/#primaryimage\",\"url\":\"https:\\\/\\\/sn.ezoneretails.com\\\/wp-content\\\/uploads\\\/2025\\\/05\\\/Roch-Standing-Aircon-Rac-F48R4-A-600.jpg\",\"contentUrl\":\"https:\\\/\\\/sn.ezoneretails.com\\\/wp-content\\\/uploads\\\/2025\\\/05\\\/Roch-Standing-Aircon-Rac-F48R4-A-600.jpg\",\"width\":600,\"height\":600},{\"@type\":\"BreadcrumbList\",\"@id\":\"https:\\\/\\\/sn.ezoneretails.com\\\/product\\\/roch-climatiseur-sur-pied-rac-f48r4-a\\\/#breadcrumb\",\"itemListElement\":[{\"@type\":\"ListItem\",\"position\":1,\"name\":\"Home\",\"item\":\"https:\\\/\\\/sn.ezoneretails.com\\\/\"},{\"@type\":\"ListItem\",\"position\":2,\"name\":\"Shop\",\"item\":\"https:\\\/\\\/sn.ezoneretails.com\\\/en\\\/shop\\\/\"},{\"@type\":\"ListItem\",\"position\":3,\"name\":\"ROCH Climatiseur Sur Pied RAC-F48R4-A\"}]},{\"@type\":\"WebSite\",\"@id\":\"https:\\\/\\\/sn.ezoneretails.com\\\/en\\\/#website\",\"url\":\"https:\\\/\\\/sn.ezoneretails.com\\\/en\\\/\",\"name\":\"Ezone Electronics Senegal\",\"description\":\"\",\"potentialAction\":[{\"@type\":\"SearchAction\",\"target\":{\"@type\":\"EntryPoint\",\"urlTemplate\":\"https:\\\/\\\/sn.ezoneretails.com\\\/en\\\/?s={search_term_string}\"},\"query-input\":{\"@type\":\"PropertyValueSpecification\",\"valueRequired\":true,\"valueName\":\"search_term_string\"}}],\"inLanguage\":\"en-US\"}]}<\/script>\n<!-- \/ Yoast SEO plugin. -->","yoast_head_json":{"title":"ROCH Climatiseur Sur Pied RAC-F48R4-A - Ezone Electronics Senegal","robots":{"index":"index","follow":"follow","max-snippet":"max-snippet:-1","max-image-preview":"max-image-preview:large","max-video-preview":"max-video-preview:-1"},"canonical":"https:\/\/sn.ezoneretails.com\/en\/product\/roch-climatiseur-sur-pied-rac-f48r4-a\/","og_locale":"en_US","og_type":"article","og_title":"ROCH Climatiseur Sur Pied RAC-F48R4-A - Ezone Electronics Senegal","og_description":"Le climatiseur sur pied ROCH RAC-F48R4-A est une solution de climatisation ultra-puissante, con\u00e7ue pour r\u00e9pondre aux besoins des espaces tr\u00e8s vastes comme les halls, grandes salles de r\u00e9union, commerces ou \u00e9tablissements publics. Avec une capacit\u00e9 de refroidissement de 48 000 BTU\/h (\u00e9quivalent \u00e0 3,58 kW), ce mod\u00e8le offre une performance de refroidissement exceptionnelle, m\u00eame dans des conditions de chaleur extr\u00eame.  Fonctionnant sous une alimentation monophas\u00e9e 220-240V \/ 50Hz, il est compatible avec les installations \u00e9lectriques standards, ce qui facilite son int\u00e9gration sans n\u00e9cessiter de modification complexe. Gr\u00e2ce \u00e0 une consommation de 1 200 W en climatisation, et un rendement \u00e9nerg\u00e9tique (puissance W\/W) de 2,98, le climatiseur RAC-F48R4-A affiche un bon compromis entre performance et efficacit\u00e9 \u00e9nerg\u00e9tique pour sa cat\u00e9gorie. Sa puissance calorifique de 5,3 W le rend \u00e9galement utilisable dans des contextes o\u00f9 le chauffage compl\u00e9mentaire est souhait\u00e9, bien qu'il soit principalement optimis\u00e9 pour le refroidissement.  Le syst\u00e8me garantit un d\u00e9bit d\u2019air puissant, avec un flux int\u00e9rieur allant jusqu\u2019\u00e0 9,8 m\u00b3\/min, et un flux ext\u00e9rieur atteignant 38 m\u00b3\/min, assurant une diffusion rapide et uniforme de l\u2019air frais dans toute la pi\u00e8ce. Ce volume d\u2019air en circulation permet un rafra\u00eechissement constant m\u00eame dans les environnements \u00e0 forte densit\u00e9 de personnes ou d\u2019\u00e9quipements \u00e9lectroniques.  Par ailleurs, ce mod\u00e8le propose une fonction de d\u00e9shumidification capable d\u2019extraire jusqu\u2019\u00e0 1,3 litre d\u2019humidit\u00e9 par heure, am\u00e9liorant consid\u00e9rablement la qualit\u00e9 de l\u2019air int\u00e9rieur, en particulier dans les zones tropicales ou humides.  Con\u00e7u pour les usages intensifs, le ROCH RAC-F48R4-A combine robustesse, puissance et confort d\u2019utilisation, en faisant un choix strat\u00e9gique pour ceux qui recherchent un climatiseur sur pied fiable, adapt\u00e9 aux grands volumes, tout en offrant une consommation \u00e9nerg\u00e9tique ma\u00eetris\u00e9e.","og_url":"https:\/\/sn.ezoneretails.com\/en\/product\/roch-climatiseur-sur-pied-rac-f48r4-a\/","og_site_name":"Ezone Electronics Senegal","article_modified_time":"2026-02-14T06:36:13+00:00","og_image":[{"width":600,"height":600,"url":"https:\/\/sn.ezoneretails.com\/wp-content\/uploads\/2025\/05\/Roch-Standing-Aircon-Rac-F48R4-A-600.jpg","type":"image\/jpeg"}],"twitter_card":"summary_large_image","twitter_misc":{"Est. reading time":"1 minute"},"schema":{"@context":"https:\/\/schema.org","@graph":[{"@type":"WebPage","@id":"https:\/\/sn.ezoneretails.com\/product\/roch-climatiseur-sur-pied-rac-f48r4-a\/","url":"https:\/\/sn.ezoneretails.com\/product\/roch-climatiseur-sur-pied-rac-f48r4-a\/","name":"ROCH Climatiseur Sur Pied RAC-F48R4-A - Ezone Electronics Senegal","isPartOf":{"@id":"https:\/\/sn.ezoneretails.com\/en\/#website"},"primaryImageOfPage":{"@id":"https:\/\/sn.ezoneretails.com\/product\/roch-climatiseur-sur-pied-rac-f48r4-a\/#primaryimage"},"image":{"@id":"https:\/\/sn.ezoneretails.com\/product\/roch-climatiseur-sur-pied-rac-f48r4-a\/#primaryimage"},"thumbnailUrl":"https:\/\/sn.ezoneretails.com\/wp-content\/uploads\/2025\/05\/Roch-Standing-Aircon-Rac-F48R4-A-600.jpg","datePublished":"2025-05-24T07:35:34+00:00","dateModified":"2026-02-14T06:36:13+00:00","breadcrumb":{"@id":"https:\/\/sn.ezoneretails.com\/product\/roch-climatiseur-sur-pied-rac-f48r4-a\/#breadcrumb"},"inLanguage":"en-US","potentialAction":[{"@type":"ReadAction","target":["https:\/\/sn.ezoneretails.com\/product\/roch-climatiseur-sur-pied-rac-f48r4-a\/"]}]},{"@type":"ImageObject","inLanguage":"en-US","@id":"https:\/\/sn.ezoneretails.com\/product\/roch-climatiseur-sur-pied-rac-f48r4-a\/#primaryimage","url":"https:\/\/sn.ezoneretails.com\/wp-content\/uploads\/2025\/05\/Roch-Standing-Aircon-Rac-F48R4-A-600.jpg","contentUrl":"https:\/\/sn.ezoneretails.com\/wp-content\/uploads\/2025\/05\/Roch-Standing-Aircon-Rac-F48R4-A-600.jpg","width":600,"height":600},{"@type":"BreadcrumbList","@id":"https:\/\/sn.ezoneretails.com\/product\/roch-climatiseur-sur-pied-rac-f48r4-a\/#breadcrumb","itemListElement":[{"@type":"ListItem","position":1,"name":"Home","item":"https:\/\/sn.ezoneretails.com\/"},{"@type":"ListItem","position":2,"name":"Shop","item":"https:\/\/sn.ezoneretails.com\/en\/shop\/"},{"@type":"ListItem","position":3,"name":"ROCH Climatiseur Sur Pied RAC-F48R4-A"}]},{"@type":"WebSite","@id":"https:\/\/sn.ezoneretails.com\/en\/#website","url":"https:\/\/sn.ezoneretails.com\/en\/","name":"Ezone Electronics Senegal","description":"","potentialAction":[{"@type":"SearchAction","target":{"@type":"EntryPoint","urlTemplate":"https:\/\/sn.ezoneretails.com\/en\/?s={search_term_string}"},"query-input":{"@type":"PropertyValueSpecification","valueRequired":true,"valueName":"search_term_string"}}],"inLanguage":"en-US"}]}},"_links":{"self":[{"href":"https:\/\/sn.ezoneretails.com\/en\/wp-json\/wp\/v2\/product\/97144","targetHints":{"allow":["GET"]}}],"collection":[{"href":"https:\/\/sn.ezoneretails.com\/en\/wp-json\/wp\/v2\/product"}],"about":[{"href":"https:\/\/sn.ezoneretails.com\/en\/wp-json\/wp\/v2\/types\/product"}],"replies":[{"embeddable":true,"href":"https:\/\/sn.ezoneretails.com\/en\/wp-json\/wp\/v2\/comments?post=97144"}],"version-history":[{"count":5,"href":"https:\/\/sn.ezoneretails.com\/en\/wp-json\/wp\/v2\/product\/97144\/revisions"}],"predecessor-version":[{"id":99453,"href":"https:\/\/sn.ezoneretails.com\/en\/wp-json\/wp\/v2\/product\/97144\/revisions\/99453"}],"wp:featuredmedia":[{"embeddable":true,"href":"https:\/\/sn.ezoneretails.com\/en\/wp-json\/wp\/v2\/media\/97438"}],"wp:attachment":[{"href":"https:\/\/sn.ezoneretails.com\/en\/wp-json\/wp\/v2\/media?parent=97144"}],"wp:term":[{"taxonomy":"product_brand","embeddable":true,"href":"https:\/\/sn.ezoneretails.com\/en\/wp-json\/wp\/v2\/product_brand?post=97144"},{"taxonomy":"product_cat","embeddable":true,"href":"https:\/\/sn.ezoneretails.com\/en\/wp-json\/wp\/v2\/product_cat?post=97144"},{"taxonomy":"product_tag","embeddable":true,"href":"https:\/\/sn.ezoneretails.com\/en\/wp-json\/wp\/v2\/product_tag?post=97144"}],"curies":[{"name":"wp","href":"https:\/\/api.w.org\/{rel}","templated":true}]}}