{"id":97124,"date":"2025-05-21T14:09:16","date_gmt":"2025-05-21T14:09:16","guid":{"rendered":"https:\/\/sn.ezoneretails.com\/?post_type=product&#038;p=97124"},"modified":"2026-02-16T12:00:41","modified_gmt":"2026-02-16T12:00:41","slug":"roch-regulateur-de-tension-racg-6000","status":"publish","type":"product","link":"https:\/\/sn.ezoneretails.com\/en\/product\/roch-regulateur-de-tension-racg-6000\/","title":{"rendered":"ROCH RACG-6000 Voltage Regulator"},"content":{"rendered":"","protected":false},"excerpt":{"rendered":"<p>THE <strong>ROCH RACG-6000 voltage regulator<\/strong> is a high-performance device designed to secure your electrical equipment against dangerous voltage fluctuations. With a <strong>capacity of 6000 VA<\/strong>, this model is ideal for large domestic installations, offices or small businesses that use energy-hungry appliances such as refrigerators, air conditioners, freezers or computer equipment.<\/p>\n<p>Operating at a <strong>frequency of 50-60 Hz<\/strong>, THE <strong>RACG-6000<\/strong> accepts a <strong>input voltage from 140V<\/strong>, making it particularly suitable for areas where the power supply is unstable or subject to frequent power drops. It delivers a <strong>stable output voltage from 220V to 230V<\/strong>, thus effectively protecting your devices against overvoltages, undervoltages and electrical spikes.<\/p>\n<p>In addition to its main stabilization function, this regulator is equipped with a <strong>USB charging port<\/strong>, very practical for powering or recharging your mobile devices without occupying a traditional socket. This detail makes it a modern piece of equipment, combining safety and convenience in everyday life.<\/p>\n<p>Designed with solid materials and a robust structure, the <strong>ROCH RACG-6000<\/strong> is reliable, durable and easy to integrate into any home or business environment. It ensures a <strong>continuous operation of your sensitive devices<\/strong>, extends their lifespan and reduces the risk of breakdowns linked to irregularities in the electrical network. It is a wise choice for those who wish <strong>secure their electrical installation<\/strong> with a powerful and versatile solution.<\/p>","protected":false},"featured_media":97404,"comment_status":"open","ping_status":"closed","template":"","meta":[],"product_brand":[],"product_cat":[235],"product_tag":[],"class_list":{"0":"post-97124","1":"product","2":"type-product","3":"status-publish","4":"has-post-thumbnail","6":"product_cat-regulateurs-de-tensions","8":"first","9":"instock","10":"sale","11":"featured","12":"shipping-taxable","13":"purchasable","14":"product-type-simple"},"yoast_head":"<!-- This site is optimized with the Yoast SEO plugin v27.4 - https:\/\/yoast.com\/product\/yoast-seo-wordpress\/ -->\n<title>ROCH R\u00e9gulateur de Tension RACG-6000 - Ezone Electronics Senegal<\/title>\n<meta name=\"robots\" content=\"index, follow, max-snippet:-1, max-image-preview:large, max-video-preview:-1\" \/>\n<link rel=\"canonical\" href=\"https:\/\/sn.ezoneretails.com\/en\/product\/roch-regulateur-de-tension-racg-6000\/\" \/>\n<meta property=\"og:locale\" content=\"en_US\" \/>\n<meta property=\"og:type\" content=\"article\" \/>\n<meta property=\"og:title\" content=\"ROCH R\u00e9gulateur de Tension RACG-6000 - Ezone Electronics Senegal\" \/>\n<meta property=\"og:description\" content=\"Le r\u00e9gulateur de tension ROCH RACG-6000 est un appareil hautement performant con\u00e7u pour s\u00e9curiser vos \u00e9quipements \u00e9lectriques contre les fluctuations dangereuses de tension. Avec une capacit\u00e9 de 6000 VA, ce mod\u00e8le est id\u00e9al pour les installations domestiques de grande taille, les bureaux ou les petits commerces qui utilisent des appareils gourmands en \u00e9nergie tels que des r\u00e9frig\u00e9rateurs, climatiseurs, cong\u00e9lateurs ou \u00e9quipements informatiques.  Fonctionnant \u00e0 une fr\u00e9quence de 50-60 Hz, le RACG-6000 accepte une tension d\u2019entr\u00e9e d\u00e8s 140V, ce qui le rend particuli\u00e8rement adapt\u00e9 aux zones o\u00f9 l\u2019alimentation \u00e9lectrique est instable ou sujette \u00e0 des baisses fr\u00e9quentes. Il d\u00e9livre une tension de sortie stable de 220V \u00e0 230V, prot\u00e9geant ainsi efficacement vos appareils contre les surtensions, les sous-tensions et les pics \u00e9lectriques.  En plus de sa fonction principale de stabilisation, ce r\u00e9gulateur est dot\u00e9 d\u2019un port de chargement USB, tr\u00e8s pratique pour alimenter ou recharger vos appareils mobiles sans occuper de prise traditionnelle. Ce d\u00e9tail en fait un \u00e9quipement moderne, combinant s\u00e9curit\u00e9 et commodit\u00e9 au quotidien.  Con\u00e7u avec des mat\u00e9riaux solides et une structure robuste, le ROCH RACG-6000 est fiable, durable et facile \u00e0 int\u00e9grer dans tout environnement domestique ou professionnel. Il assure un fonctionnement continu de vos appareils sensibles, prolonge leur dur\u00e9e de vie et r\u00e9duit les risques de pannes li\u00e9s aux irr\u00e9gularit\u00e9s du r\u00e9seau \u00e9lectrique. C\u2019est un choix judicieux pour ceux qui souhaitent s\u00e9curiser leur installation \u00e9lectrique avec une solution puissante et polyvalente.\" \/>\n<meta property=\"og:url\" content=\"https:\/\/sn.ezoneretails.com\/en\/product\/roch-regulateur-de-tension-racg-6000\/\" \/>\n<meta property=\"og:site_name\" content=\"Ezone Electronics Senegal\" \/>\n<meta property=\"article:modified_time\" content=\"2026-02-16T12:00:41+00:00\" \/>\n<meta property=\"og:image\" content=\"https:\/\/sn.ezoneretails.com\/wp-content\/uploads\/2025\/05\/Roch-Regulator-Racg-6000-simple-600.jpg\" \/>\n\t<meta property=\"og:image:width\" content=\"600\" \/>\n\t<meta property=\"og:image:height\" content=\"600\" \/>\n\t<meta property=\"og:image:type\" content=\"image\/jpeg\" \/>\n<meta name=\"twitter:card\" content=\"summary_large_image\" \/>\n<meta name=\"twitter:label1\" content=\"Est. reading time\" \/>\n\t<meta name=\"twitter:data1\" content=\"1 minute\" \/>\n<script type=\"application\/ld+json\" class=\"yoast-schema-graph\">{\"@context\":\"https:\\\/\\\/schema.org\",\"@graph\":[{\"@type\":\"WebPage\",\"@id\":\"https:\\\/\\\/sn.ezoneretails.com\\\/product\\\/roch-regulateur-de-tension-racg-6000\\\/\",\"url\":\"https:\\\/\\\/sn.ezoneretails.com\\\/product\\\/roch-regulateur-de-tension-racg-6000\\\/\",\"name\":\"ROCH R\u00e9gulateur de Tension RACG-6000 - Ezone Electronics Senegal\",\"isPartOf\":{\"@id\":\"https:\\\/\\\/sn.ezoneretails.com\\\/en\\\/#website\"},\"primaryImageOfPage\":{\"@id\":\"https:\\\/\\\/sn.ezoneretails.com\\\/product\\\/roch-regulateur-de-tension-racg-6000\\\/#primaryimage\"},\"image\":{\"@id\":\"https:\\\/\\\/sn.ezoneretails.com\\\/product\\\/roch-regulateur-de-tension-racg-6000\\\/#primaryimage\"},\"thumbnailUrl\":\"https:\\\/\\\/sn.ezoneretails.com\\\/wp-content\\\/uploads\\\/2025\\\/05\\\/Roch-Regulator-Racg-6000-simple-600.jpg\",\"datePublished\":\"2025-05-21T14:09:16+00:00\",\"dateModified\":\"2026-02-16T12:00:41+00:00\",\"breadcrumb\":{\"@id\":\"https:\\\/\\\/sn.ezoneretails.com\\\/product\\\/roch-regulateur-de-tension-racg-6000\\\/#breadcrumb\"},\"inLanguage\":\"en-US\",\"potentialAction\":[{\"@type\":\"ReadAction\",\"target\":[\"https:\\\/\\\/sn.ezoneretails.com\\\/product\\\/roch-regulateur-de-tension-racg-6000\\\/\"]}]},{\"@type\":\"ImageObject\",\"inLanguage\":\"en-US\",\"@id\":\"https:\\\/\\\/sn.ezoneretails.com\\\/product\\\/roch-regulateur-de-tension-racg-6000\\\/#primaryimage\",\"url\":\"https:\\\/\\\/sn.ezoneretails.com\\\/wp-content\\\/uploads\\\/2025\\\/05\\\/Roch-Regulator-Racg-6000-simple-600.jpg\",\"contentUrl\":\"https:\\\/\\\/sn.ezoneretails.com\\\/wp-content\\\/uploads\\\/2025\\\/05\\\/Roch-Regulator-Racg-6000-simple-600.jpg\",\"width\":600,\"height\":600},{\"@type\":\"BreadcrumbList\",\"@id\":\"https:\\\/\\\/sn.ezoneretails.com\\\/product\\\/roch-regulateur-de-tension-racg-6000\\\/#breadcrumb\",\"itemListElement\":[{\"@type\":\"ListItem\",\"position\":1,\"name\":\"Home\",\"item\":\"https:\\\/\\\/sn.ezoneretails.com\\\/\"},{\"@type\":\"ListItem\",\"position\":2,\"name\":\"Shop\",\"item\":\"https:\\\/\\\/sn.ezoneretails.com\\\/en\\\/shop\\\/\"},{\"@type\":\"ListItem\",\"position\":3,\"name\":\"ROCH R\u00e9gulateur de Tension RACG-6000\"}]},{\"@type\":\"WebSite\",\"@id\":\"https:\\\/\\\/sn.ezoneretails.com\\\/en\\\/#website\",\"url\":\"https:\\\/\\\/sn.ezoneretails.com\\\/en\\\/\",\"name\":\"Ezone Electronics Senegal\",\"description\":\"\",\"potentialAction\":[{\"@type\":\"SearchAction\",\"target\":{\"@type\":\"EntryPoint\",\"urlTemplate\":\"https:\\\/\\\/sn.ezoneretails.com\\\/en\\\/?s={search_term_string}\"},\"query-input\":{\"@type\":\"PropertyValueSpecification\",\"valueRequired\":true,\"valueName\":\"search_term_string\"}}],\"inLanguage\":\"en-US\"}]}<\/script>\n<!-- \/ Yoast SEO plugin. -->","yoast_head_json":{"title":"ROCH R\u00e9gulateur de Tension RACG-6000 - Ezone Electronics Senegal","robots":{"index":"index","follow":"follow","max-snippet":"max-snippet:-1","max-image-preview":"max-image-preview:large","max-video-preview":"max-video-preview:-1"},"canonical":"https:\/\/sn.ezoneretails.com\/en\/product\/roch-regulateur-de-tension-racg-6000\/","og_locale":"en_US","og_type":"article","og_title":"ROCH R\u00e9gulateur de Tension RACG-6000 - Ezone Electronics Senegal","og_description":"Le r\u00e9gulateur de tension ROCH RACG-6000 est un appareil hautement performant con\u00e7u pour s\u00e9curiser vos \u00e9quipements \u00e9lectriques contre les fluctuations dangereuses de tension. Avec une capacit\u00e9 de 6000 VA, ce mod\u00e8le est id\u00e9al pour les installations domestiques de grande taille, les bureaux ou les petits commerces qui utilisent des appareils gourmands en \u00e9nergie tels que des r\u00e9frig\u00e9rateurs, climatiseurs, cong\u00e9lateurs ou \u00e9quipements informatiques.  Fonctionnant \u00e0 une fr\u00e9quence de 50-60 Hz, le RACG-6000 accepte une tension d\u2019entr\u00e9e d\u00e8s 140V, ce qui le rend particuli\u00e8rement adapt\u00e9 aux zones o\u00f9 l\u2019alimentation \u00e9lectrique est instable ou sujette \u00e0 des baisses fr\u00e9quentes. Il d\u00e9livre une tension de sortie stable de 220V \u00e0 230V, prot\u00e9geant ainsi efficacement vos appareils contre les surtensions, les sous-tensions et les pics \u00e9lectriques.  En plus de sa fonction principale de stabilisation, ce r\u00e9gulateur est dot\u00e9 d\u2019un port de chargement USB, tr\u00e8s pratique pour alimenter ou recharger vos appareils mobiles sans occuper de prise traditionnelle. Ce d\u00e9tail en fait un \u00e9quipement moderne, combinant s\u00e9curit\u00e9 et commodit\u00e9 au quotidien.  Con\u00e7u avec des mat\u00e9riaux solides et une structure robuste, le ROCH RACG-6000 est fiable, durable et facile \u00e0 int\u00e9grer dans tout environnement domestique ou professionnel. Il assure un fonctionnement continu de vos appareils sensibles, prolonge leur dur\u00e9e de vie et r\u00e9duit les risques de pannes li\u00e9s aux irr\u00e9gularit\u00e9s du r\u00e9seau \u00e9lectrique. C\u2019est un choix judicieux pour ceux qui souhaitent s\u00e9curiser leur installation \u00e9lectrique avec une solution puissante et polyvalente.","og_url":"https:\/\/sn.ezoneretails.com\/en\/product\/roch-regulateur-de-tension-racg-6000\/","og_site_name":"Ezone Electronics Senegal","article_modified_time":"2026-02-16T12:00:41+00:00","og_image":[{"width":600,"height":600,"url":"https:\/\/sn.ezoneretails.com\/wp-content\/uploads\/2025\/05\/Roch-Regulator-Racg-6000-simple-600.jpg","type":"image\/jpeg"}],"twitter_card":"summary_large_image","twitter_misc":{"Est. reading time":"1 minute"},"schema":{"@context":"https:\/\/schema.org","@graph":[{"@type":"WebPage","@id":"https:\/\/sn.ezoneretails.com\/product\/roch-regulateur-de-tension-racg-6000\/","url":"https:\/\/sn.ezoneretails.com\/product\/roch-regulateur-de-tension-racg-6000\/","name":"ROCH R\u00e9gulateur de Tension RACG-6000 - Ezone Electronics Senegal","isPartOf":{"@id":"https:\/\/sn.ezoneretails.com\/en\/#website"},"primaryImageOfPage":{"@id":"https:\/\/sn.ezoneretails.com\/product\/roch-regulateur-de-tension-racg-6000\/#primaryimage"},"image":{"@id":"https:\/\/sn.ezoneretails.com\/product\/roch-regulateur-de-tension-racg-6000\/#primaryimage"},"thumbnailUrl":"https:\/\/sn.ezoneretails.com\/wp-content\/uploads\/2025\/05\/Roch-Regulator-Racg-6000-simple-600.jpg","datePublished":"2025-05-21T14:09:16+00:00","dateModified":"2026-02-16T12:00:41+00:00","breadcrumb":{"@id":"https:\/\/sn.ezoneretails.com\/product\/roch-regulateur-de-tension-racg-6000\/#breadcrumb"},"inLanguage":"en-US","potentialAction":[{"@type":"ReadAction","target":["https:\/\/sn.ezoneretails.com\/product\/roch-regulateur-de-tension-racg-6000\/"]}]},{"@type":"ImageObject","inLanguage":"en-US","@id":"https:\/\/sn.ezoneretails.com\/product\/roch-regulateur-de-tension-racg-6000\/#primaryimage","url":"https:\/\/sn.ezoneretails.com\/wp-content\/uploads\/2025\/05\/Roch-Regulator-Racg-6000-simple-600.jpg","contentUrl":"https:\/\/sn.ezoneretails.com\/wp-content\/uploads\/2025\/05\/Roch-Regulator-Racg-6000-simple-600.jpg","width":600,"height":600},{"@type":"BreadcrumbList","@id":"https:\/\/sn.ezoneretails.com\/product\/roch-regulateur-de-tension-racg-6000\/#breadcrumb","itemListElement":[{"@type":"ListItem","position":1,"name":"Home","item":"https:\/\/sn.ezoneretails.com\/"},{"@type":"ListItem","position":2,"name":"Shop","item":"https:\/\/sn.ezoneretails.com\/en\/shop\/"},{"@type":"ListItem","position":3,"name":"ROCH R\u00e9gulateur de Tension RACG-6000"}]},{"@type":"WebSite","@id":"https:\/\/sn.ezoneretails.com\/en\/#website","url":"https:\/\/sn.ezoneretails.com\/en\/","name":"Ezone Electronics Senegal","description":"","potentialAction":[{"@type":"SearchAction","target":{"@type":"EntryPoint","urlTemplate":"https:\/\/sn.ezoneretails.com\/en\/?s={search_term_string}"},"query-input":{"@type":"PropertyValueSpecification","valueRequired":true,"valueName":"search_term_string"}}],"inLanguage":"en-US"}]}},"_links":{"self":[{"href":"https:\/\/sn.ezoneretails.com\/en\/wp-json\/wp\/v2\/product\/97124","targetHints":{"allow":["GET"]}}],"collection":[{"href":"https:\/\/sn.ezoneretails.com\/en\/wp-json\/wp\/v2\/product"}],"about":[{"href":"https:\/\/sn.ezoneretails.com\/en\/wp-json\/wp\/v2\/types\/product"}],"replies":[{"embeddable":true,"href":"https:\/\/sn.ezoneretails.com\/en\/wp-json\/wp\/v2\/comments?post=97124"}],"version-history":[{"count":2,"href":"https:\/\/sn.ezoneretails.com\/en\/wp-json\/wp\/v2\/product\/97124\/revisions"}],"predecessor-version":[{"id":97251,"href":"https:\/\/sn.ezoneretails.com\/en\/wp-json\/wp\/v2\/product\/97124\/revisions\/97251"}],"wp:featuredmedia":[{"embeddable":true,"href":"https:\/\/sn.ezoneretails.com\/en\/wp-json\/wp\/v2\/media\/97404"}],"wp:attachment":[{"href":"https:\/\/sn.ezoneretails.com\/en\/wp-json\/wp\/v2\/media?parent=97124"}],"wp:term":[{"taxonomy":"product_brand","embeddable":true,"href":"https:\/\/sn.ezoneretails.com\/en\/wp-json\/wp\/v2\/product_brand?post=97124"},{"taxonomy":"product_cat","embeddable":true,"href":"https:\/\/sn.ezoneretails.com\/en\/wp-json\/wp\/v2\/product_cat?post=97124"},{"taxonomy":"product_tag","embeddable":true,"href":"https:\/\/sn.ezoneretails.com\/en\/wp-json\/wp\/v2\/product_tag?post=97124"}],"curies":[{"name":"wp","href":"https:\/\/api.w.org\/{rel}","templated":true}]}}