{"id":97078,"date":"2025-05-07T08:32:03","date_gmt":"2025-05-07T08:32:03","guid":{"rendered":"https:\/\/sn.ezoneretails.com\/?post_type=product&#038;p=97078"},"modified":"2026-02-16T11:47:14","modified_gmt":"2026-02-16T11:47:14","slug":"roch-micro-ondes-rmw-23lmg-bs","status":"publish","type":"product","link":"https:\/\/sn.ezoneretails.com\/en\/product\/roch-micro-ondes-rmw-23lmg-bs\/","title":{"rendered":"ROCH Microwave RMW-23LMG-B(S)"},"content":{"rendered":"","protected":false},"excerpt":{"rendered":"<p><span style=\"font-weight: 400;\">The ROCH RMW-23LMG-B(S) microwave is designed to make your daily cooking quick, convenient, and hassle-free. With a 23-liter capacity, it offers enough space to handle your everyday meals, whether you&#039;re reheating leftovers or preparing complete meals with ease.<\/span><\/p>\n<p><span style=\"font-weight: 400;\">With its 800-watt power, this microwave guarantees fast and efficient cooking, saving you time while achieving perfectly heated results. The built-in timer function gives you precise control over cooking time, making it easy to prepare your meals exactly the way you like them.<\/span><\/p>\n<p><span style=\"font-weight: 400;\">With its modern gray design, it brings a sleek and elegant touch to any kitchen, blending well with both classic and contemporary interiors. Practical, compact, and reliable, the ROCH RMW-23LMG-B(S) is an essential appliance for any modern home looking for style and performance in one product.<\/span><\/p>","protected":false},"featured_media":97337,"comment_status":"open","ping_status":"closed","template":"","meta":[],"product_brand":[],"product_cat":[265],"product_tag":[],"class_list":{"0":"post-97078","1":"product","2":"type-product","3":"status-publish","4":"has-post-thumbnail","6":"product_cat-micro-ondes","8":"first","9":"instock","10":"sale","11":"shipping-taxable","12":"purchasable","13":"product-type-simple"},"yoast_head":"<!-- This site is optimized with the Yoast SEO plugin v27.3 - https:\/\/yoast.com\/product\/yoast-seo-wordpress\/ -->\n<title>ROCH Micro-ondes RMW-23LMG-B(S) - Ezone Electronics Senegal<\/title>\n<meta name=\"robots\" content=\"index, follow, max-snippet:-1, max-image-preview:large, max-video-preview:-1\" \/>\n<link rel=\"canonical\" href=\"https:\/\/sn.ezoneretails.com\/en\/product\/roch-micro-ondes-rmw-23lmg-bs\/\" \/>\n<meta property=\"og:locale\" content=\"en_US\" \/>\n<meta property=\"og:type\" content=\"article\" \/>\n<meta property=\"og:title\" content=\"ROCH Micro-ondes RMW-23LMG-B(S) - Ezone Electronics Senegal\" \/>\n<meta property=\"og:description\" content=\"Le micro-ondes ROCH RMW-23LMG-B(S) est con\u00e7u pour rendre votre cuisine quotidienne rapide, pratique et sans tracas. Avec une capacit\u00e9 de 23 litres, il offre suffisamment d\u2019espace pour g\u00e9rer vos repas quotidiens, que ce soit pour r\u00e9chauffer des restes ou pr\u00e9parer des plats complets en toute simplicit\u00e9.  Gr\u00e2ce \u00e0 sa puissance de 800 watts, ce micro-ondes garantit une cuisson rapide et efficace, vous permettant de gagner du temps tout en obtenant des r\u00e9sultats parfaitement chauff\u00e9s. La fonction minuterie int\u00e9gr\u00e9e vous offre un contr\u00f4le pr\u00e9cis de la dur\u00e9e de cuisson, facilitant la pr\u00e9paration de vos repas exactement comme vous les aimez.  Avec son design moderne en gris, il apporte une touche \u00e9l\u00e9gante et \u00e9pur\u00e9e \u00e0 n&#039;importe quelle cuisine, s&#039;harmonisant aussi bien avec les int\u00e9rieurs classiques que contemporains. Pratique, compact et fiable, le ROCH RMW-23LMG-B(S) est un appareil essentiel pour tout foyer moderne recherchant style et performance en un seul produit.\" \/>\n<meta property=\"og:url\" content=\"https:\/\/sn.ezoneretails.com\/en\/product\/roch-micro-ondes-rmw-23lmg-bs\/\" \/>\n<meta property=\"og:site_name\" content=\"Ezone Electronics Senegal\" \/>\n<meta property=\"article:modified_time\" content=\"2026-02-16T11:47:14+00:00\" \/>\n<meta property=\"og:image\" content=\"https:\/\/sn.ezoneretails.com\/wp-content\/uploads\/2025\/05\/microwave-600.jpg\" \/>\n\t<meta property=\"og:image:width\" content=\"600\" \/>\n\t<meta property=\"og:image:height\" content=\"600\" \/>\n\t<meta property=\"og:image:type\" content=\"image\/jpeg\" \/>\n<meta name=\"twitter:card\" content=\"summary_large_image\" \/>\n<meta name=\"twitter:label1\" content=\"Est. reading time\" \/>\n\t<meta name=\"twitter:data1\" content=\"1 minute\" \/>\n<script type=\"application\/ld+json\" class=\"yoast-schema-graph\">{\"@context\":\"https:\\\/\\\/schema.org\",\"@graph\":[{\"@type\":\"WebPage\",\"@id\":\"https:\\\/\\\/sn.ezoneretails.com\\\/product\\\/roch-micro-ondes-rmw-23lmg-bs\\\/\",\"url\":\"https:\\\/\\\/sn.ezoneretails.com\\\/product\\\/roch-micro-ondes-rmw-23lmg-bs\\\/\",\"name\":\"ROCH Micro-ondes RMW-23LMG-B(S) - Ezone Electronics Senegal\",\"isPartOf\":{\"@id\":\"https:\\\/\\\/sn.ezoneretails.com\\\/en\\\/#website\"},\"primaryImageOfPage\":{\"@id\":\"https:\\\/\\\/sn.ezoneretails.com\\\/product\\\/roch-micro-ondes-rmw-23lmg-bs\\\/#primaryimage\"},\"image\":{\"@id\":\"https:\\\/\\\/sn.ezoneretails.com\\\/product\\\/roch-micro-ondes-rmw-23lmg-bs\\\/#primaryimage\"},\"thumbnailUrl\":\"https:\\\/\\\/sn.ezoneretails.com\\\/wp-content\\\/uploads\\\/2025\\\/05\\\/microwave-600.jpg\",\"datePublished\":\"2025-05-07T08:32:03+00:00\",\"dateModified\":\"2026-02-16T11:47:14+00:00\",\"breadcrumb\":{\"@id\":\"https:\\\/\\\/sn.ezoneretails.com\\\/product\\\/roch-micro-ondes-rmw-23lmg-bs\\\/#breadcrumb\"},\"inLanguage\":\"en-US\",\"potentialAction\":[{\"@type\":\"ReadAction\",\"target\":[\"https:\\\/\\\/sn.ezoneretails.com\\\/product\\\/roch-micro-ondes-rmw-23lmg-bs\\\/\"]}]},{\"@type\":\"ImageObject\",\"inLanguage\":\"en-US\",\"@id\":\"https:\\\/\\\/sn.ezoneretails.com\\\/product\\\/roch-micro-ondes-rmw-23lmg-bs\\\/#primaryimage\",\"url\":\"https:\\\/\\\/sn.ezoneretails.com\\\/wp-content\\\/uploads\\\/2025\\\/05\\\/microwave-600.jpg\",\"contentUrl\":\"https:\\\/\\\/sn.ezoneretails.com\\\/wp-content\\\/uploads\\\/2025\\\/05\\\/microwave-600.jpg\",\"width\":600,\"height\":600},{\"@type\":\"BreadcrumbList\",\"@id\":\"https:\\\/\\\/sn.ezoneretails.com\\\/product\\\/roch-micro-ondes-rmw-23lmg-bs\\\/#breadcrumb\",\"itemListElement\":[{\"@type\":\"ListItem\",\"position\":1,\"name\":\"Home\",\"item\":\"https:\\\/\\\/sn.ezoneretails.com\\\/\"},{\"@type\":\"ListItem\",\"position\":2,\"name\":\"Shop\",\"item\":\"https:\\\/\\\/sn.ezoneretails.com\\\/en\\\/shop\\\/\"},{\"@type\":\"ListItem\",\"position\":3,\"name\":\"ROCH Micro-ondes RMW-23LMG-B(S)\"}]},{\"@type\":\"WebSite\",\"@id\":\"https:\\\/\\\/sn.ezoneretails.com\\\/en\\\/#website\",\"url\":\"https:\\\/\\\/sn.ezoneretails.com\\\/en\\\/\",\"name\":\"Ezone Electronics Senegal\",\"description\":\"\",\"potentialAction\":[{\"@type\":\"SearchAction\",\"target\":{\"@type\":\"EntryPoint\",\"urlTemplate\":\"https:\\\/\\\/sn.ezoneretails.com\\\/en\\\/?s={search_term_string}\"},\"query-input\":{\"@type\":\"PropertyValueSpecification\",\"valueRequired\":true,\"valueName\":\"search_term_string\"}}],\"inLanguage\":\"en-US\"}]}<\/script>\n<!-- \/ Yoast SEO plugin. -->","yoast_head_json":{"title":"ROCH Micro-ondes RMW-23LMG-B(S) - Ezone Electronics Senegal","robots":{"index":"index","follow":"follow","max-snippet":"max-snippet:-1","max-image-preview":"max-image-preview:large","max-video-preview":"max-video-preview:-1"},"canonical":"https:\/\/sn.ezoneretails.com\/en\/product\/roch-micro-ondes-rmw-23lmg-bs\/","og_locale":"en_US","og_type":"article","og_title":"ROCH Micro-ondes RMW-23LMG-B(S) - Ezone Electronics Senegal","og_description":"Le micro-ondes ROCH RMW-23LMG-B(S) est con\u00e7u pour rendre votre cuisine quotidienne rapide, pratique et sans tracas. Avec une capacit\u00e9 de 23 litres, il offre suffisamment d\u2019espace pour g\u00e9rer vos repas quotidiens, que ce soit pour r\u00e9chauffer des restes ou pr\u00e9parer des plats complets en toute simplicit\u00e9.  Gr\u00e2ce \u00e0 sa puissance de 800 watts, ce micro-ondes garantit une cuisson rapide et efficace, vous permettant de gagner du temps tout en obtenant des r\u00e9sultats parfaitement chauff\u00e9s. La fonction minuterie int\u00e9gr\u00e9e vous offre un contr\u00f4le pr\u00e9cis de la dur\u00e9e de cuisson, facilitant la pr\u00e9paration de vos repas exactement comme vous les aimez.  Avec son design moderne en gris, il apporte une touche \u00e9l\u00e9gante et \u00e9pur\u00e9e \u00e0 n'importe quelle cuisine, s'harmonisant aussi bien avec les int\u00e9rieurs classiques que contemporains. Pratique, compact et fiable, le ROCH RMW-23LMG-B(S) est un appareil essentiel pour tout foyer moderne recherchant style et performance en un seul produit.","og_url":"https:\/\/sn.ezoneretails.com\/en\/product\/roch-micro-ondes-rmw-23lmg-bs\/","og_site_name":"Ezone Electronics Senegal","article_modified_time":"2026-02-16T11:47:14+00:00","og_image":[{"width":600,"height":600,"url":"https:\/\/sn.ezoneretails.com\/wp-content\/uploads\/2025\/05\/microwave-600.jpg","type":"image\/jpeg"}],"twitter_card":"summary_large_image","twitter_misc":{"Est. reading time":"1 minute"},"schema":{"@context":"https:\/\/schema.org","@graph":[{"@type":"WebPage","@id":"https:\/\/sn.ezoneretails.com\/product\/roch-micro-ondes-rmw-23lmg-bs\/","url":"https:\/\/sn.ezoneretails.com\/product\/roch-micro-ondes-rmw-23lmg-bs\/","name":"ROCH Micro-ondes RMW-23LMG-B(S) - Ezone Electronics Senegal","isPartOf":{"@id":"https:\/\/sn.ezoneretails.com\/en\/#website"},"primaryImageOfPage":{"@id":"https:\/\/sn.ezoneretails.com\/product\/roch-micro-ondes-rmw-23lmg-bs\/#primaryimage"},"image":{"@id":"https:\/\/sn.ezoneretails.com\/product\/roch-micro-ondes-rmw-23lmg-bs\/#primaryimage"},"thumbnailUrl":"https:\/\/sn.ezoneretails.com\/wp-content\/uploads\/2025\/05\/microwave-600.jpg","datePublished":"2025-05-07T08:32:03+00:00","dateModified":"2026-02-16T11:47:14+00:00","breadcrumb":{"@id":"https:\/\/sn.ezoneretails.com\/product\/roch-micro-ondes-rmw-23lmg-bs\/#breadcrumb"},"inLanguage":"en-US","potentialAction":[{"@type":"ReadAction","target":["https:\/\/sn.ezoneretails.com\/product\/roch-micro-ondes-rmw-23lmg-bs\/"]}]},{"@type":"ImageObject","inLanguage":"en-US","@id":"https:\/\/sn.ezoneretails.com\/product\/roch-micro-ondes-rmw-23lmg-bs\/#primaryimage","url":"https:\/\/sn.ezoneretails.com\/wp-content\/uploads\/2025\/05\/microwave-600.jpg","contentUrl":"https:\/\/sn.ezoneretails.com\/wp-content\/uploads\/2025\/05\/microwave-600.jpg","width":600,"height":600},{"@type":"BreadcrumbList","@id":"https:\/\/sn.ezoneretails.com\/product\/roch-micro-ondes-rmw-23lmg-bs\/#breadcrumb","itemListElement":[{"@type":"ListItem","position":1,"name":"Home","item":"https:\/\/sn.ezoneretails.com\/"},{"@type":"ListItem","position":2,"name":"Shop","item":"https:\/\/sn.ezoneretails.com\/en\/shop\/"},{"@type":"ListItem","position":3,"name":"ROCH Micro-ondes RMW-23LMG-B(S)"}]},{"@type":"WebSite","@id":"https:\/\/sn.ezoneretails.com\/en\/#website","url":"https:\/\/sn.ezoneretails.com\/en\/","name":"Ezone Electronics Senegal","description":"","potentialAction":[{"@type":"SearchAction","target":{"@type":"EntryPoint","urlTemplate":"https:\/\/sn.ezoneretails.com\/en\/?s={search_term_string}"},"query-input":{"@type":"PropertyValueSpecification","valueRequired":true,"valueName":"search_term_string"}}],"inLanguage":"en-US"}]}},"_links":{"self":[{"href":"https:\/\/sn.ezoneretails.com\/en\/wp-json\/wp\/v2\/product\/97078","targetHints":{"allow":["GET"]}}],"collection":[{"href":"https:\/\/sn.ezoneretails.com\/en\/wp-json\/wp\/v2\/product"}],"about":[{"href":"https:\/\/sn.ezoneretails.com\/en\/wp-json\/wp\/v2\/types\/product"}],"replies":[{"embeddable":true,"href":"https:\/\/sn.ezoneretails.com\/en\/wp-json\/wp\/v2\/comments?post=97078"}],"version-history":[{"count":2,"href":"https:\/\/sn.ezoneretails.com\/en\/wp-json\/wp\/v2\/product\/97078\/revisions"}],"predecessor-version":[{"id":97235,"href":"https:\/\/sn.ezoneretails.com\/en\/wp-json\/wp\/v2\/product\/97078\/revisions\/97235"}],"wp:featuredmedia":[{"embeddable":true,"href":"https:\/\/sn.ezoneretails.com\/en\/wp-json\/wp\/v2\/media\/97337"}],"wp:attachment":[{"href":"https:\/\/sn.ezoneretails.com\/en\/wp-json\/wp\/v2\/media?parent=97078"}],"wp:term":[{"taxonomy":"product_brand","embeddable":true,"href":"https:\/\/sn.ezoneretails.com\/en\/wp-json\/wp\/v2\/product_brand?post=97078"},{"taxonomy":"product_cat","embeddable":true,"href":"https:\/\/sn.ezoneretails.com\/en\/wp-json\/wp\/v2\/product_cat?post=97078"},{"taxonomy":"product_tag","embeddable":true,"href":"https:\/\/sn.ezoneretails.com\/en\/wp-json\/wp\/v2\/product_tag?post=97078"}],"curies":[{"name":"wp","href":"https:\/\/api.w.org\/{rel}","templated":true}]}}