{"id":11081,"date":"2024-03-22T13:53:13","date_gmt":"2024-03-22T13:53:13","guid":{"rendered":"https:\/\/sn.ezoneretails.com\/?page_id=11081"},"modified":"2026-01-31T11:35:36","modified_gmt":"2026-01-31T11:35:36","slug":"ezone-mermoz","status":"publish","type":"page","link":"https:\/\/sn.ezoneretails.com\/en\/ezone-mermoz\/","title":{"rendered":"Ezone Mermoz"},"content":{"rendered":"<div data-elementor-type=\"wp-page\" data-elementor-id=\"11081\" class=\"elementor elementor-11081\">\n\t\t\t\t<div class=\"elementor-element elementor-element-4c50191 e-flex e-con-boxed e-con e-parent\" data-id=\"4c50191\" data-element_type=\"container\" data-e-type=\"container\">\n\t\t\t\t\t<div class=\"e-con-inner\">\n\t\t\t\t<div class=\"elementor-element elementor-element-07edc89 elementor-widget elementor-widget-wd_banner\" data-id=\"07edc89\" data-element_type=\"widget\" data-e-type=\"widget\" data-widget_type=\"wd_banner.default\">\n\t\t\t\t<div class=\"elementor-widget-container\">\n\t\t\t\t\t\t\t<div class=\"promo-banner-wrapper\">\n\t\t\t<div class=\"promo-banner banner-default banner-hover-none color-scheme-light banner-btn-size-default banner-btn-style-default wd-with-link\">\n\t\t\t\t<div class=\"main-wrapp-img\">\n\t\t\t\t\t<div class=\"banner-image wd-without-height\">\n\t\t\t\t\t\t\t\t\t\t\t\t\t\t\t\t\t\t\t\t\t<img fetchpriority=\"high\" decoding=\"async\" width=\"1420\" height=\"480\" src=\"https:\/\/sn.ezoneretails.com\/wp-content\/uploads\/2026\/01\/Ezone-Mermoz-showroom.png\" class=\"attachment-full size-full\" alt=\"\" srcset=\"https:\/\/sn.ezoneretails.com\/wp-content\/uploads\/2026\/01\/Ezone-Mermoz-showroom.png 1420w, https:\/\/sn.ezoneretails.com\/wp-content\/uploads\/2026\/01\/Ezone-Mermoz-showroom-300x101.png 300w, https:\/\/sn.ezoneretails.com\/wp-content\/uploads\/2026\/01\/Ezone-Mermoz-showroom-1024x346.png 1024w, https:\/\/sn.ezoneretails.com\/wp-content\/uploads\/2026\/01\/Ezone-Mermoz-showroom-768x260.png 768w, https:\/\/sn.ezoneretails.com\/wp-content\/uploads\/2026\/01\/Ezone-Mermoz-showroom-18x6.png 18w, https:\/\/sn.ezoneretails.com\/wp-content\/uploads\/2026\/01\/Ezone-Mermoz-showroom-1200x406.png 1200w, https:\/\/sn.ezoneretails.com\/wp-content\/uploads\/2026\/01\/Ezone-Mermoz-showroom-150x51.png 150w\" sizes=\"(max-width: 1420px) 100vw, 1420px\" \/>\t\t\t\t\t\t\t\t\t\t\t\t\t\t\t\t\t\t<\/div>\n\t\t\t\t<\/div>\n\n\t\t\t\t<div class=\"wrapper-content-banner wd-fill wd-items-bottom wd-justify-left\">\n\t\t\t\t\t<div class=\"content-banner  text-left\">\n\t\t\t\t\t\t\n\t\t\t\t\t\t\t\t\t\t\t\t\t<h4 class=\"banner-title wd-fontsize-l\" data-elementor-setting-key=\"title\">\n\t\t\t\t\t\t\t\tEzone Mermoz\t\t\t\t\t\t\t<\/h4>\n\t\t\t\t\t\t\n\t\t\t\t\t\t\n\t\t\t\t\t\t\n\t\t\t\t\t\t\t\t\t\t\t<\/div>\n\t\t\t\t<\/div>\n\n\t\t\t\t\t\t\t\t\t<a href=\"#\" class=\"wd-promo-banner-link wd-fill\" aria-label=\"Banner link\"><\/a>\n\t\t\t\t\t\t\t<\/div>\n\t\t<\/div>\n\t\t\t\t\t\t<\/div>\n\t\t\t\t<\/div>\n\t\t\t\t\t<\/div>\n\t\t\t\t<\/div>\n\t\t<div class=\"elementor-element elementor-element-5b3b19f e-flex e-con-boxed e-con e-parent\" data-id=\"5b3b19f\" data-element_type=\"container\" data-e-type=\"container\">\n\t\t\t\t\t<div class=\"e-con-inner\">\n\t\t<div class=\"elementor-element elementor-element-0ac823e e-con-full e-flex e-con e-child\" data-id=\"0ac823e\" data-element_type=\"container\" data-e-type=\"container\">\n\t\t\t\t<div class=\"elementor-element elementor-element-fad8b15 elementor-widget elementor-widget-google_maps\" data-id=\"fad8b15\" data-element_type=\"widget\" data-e-type=\"widget\" data-widget_type=\"google_maps.default\">\n\t\t\t\t<div class=\"elementor-widget-container\">\n\t\t\t\t\t\t\t<div class=\"elementor-custom-embed\">\n\t\t\t<iframe loading=\"lazy\"\n\t\t\t\t\tsrc=\"https:\/\/maps.google.com\/maps?q=Mermoz%20Pyrotechnique%2C%20Lot%20No%2038%2C%20C%C3%B4t%C3%A9%20Cin%C3%A9ma%20Path%C3%A9%20En%20Face%20Auchan%20Dakar-s%C3%A9n%C3%A9gal%20%20&#038;t=m&#038;z=10&#038;output=embed&#038;iwloc=near\"\n\t\t\t\t\ttitle=\"Mermoz Pyrotechnique, Lot No. 38, Path\u00e9 Cinema side, opposite Auchan, Dakar, Senegal  \"\n\t\t\t\t\taria-label=\"Mermoz Pyrotechnique, Lot No. 38, Path\u00e9 Cinema side, opposite Auchan, Dakar, Senegal  \"\n\t\t\t><\/iframe>\n\t\t<\/div>\n\t\t\t\t\t\t<\/div>\n\t\t\t\t<\/div>\n\t\t\t\t<\/div>\n\t\t<div class=\"elementor-element elementor-element-a46f002 e-con-full e-flex e-con e-child\" data-id=\"a46f002\" data-element_type=\"container\" data-e-type=\"container\">\n\t\t<div class=\"elementor-element elementor-element-b119800 e-con-full e-flex e-con e-child\" data-id=\"b119800\" data-element_type=\"container\" data-e-type=\"container\" data-settings=\"{&quot;background_background&quot;:&quot;classic&quot;}\">\n\t\t\t\t<div class=\"elementor-element elementor-element-6ddcde9 wd-width-100 elementor-widget elementor-widget-wd_title\" data-id=\"6ddcde9\" data-element_type=\"widget\" data-e-type=\"widget\" data-widget_type=\"wd_title.default\">\n\t\t\t\t<div class=\"elementor-widget-container\">\n\t\t\t\t\t\t\t<div class=\"title-wrapper set-mb-s reset-last-child wd-title-color-default wd-title-style-default wd-title-size-default text-left\">\n\n\t\t\t\n\t\t\t<div class=\"liner-continer\">\n\t\t\t\t<h4 class=\"woodmart-title-container title wd-fontsize-l\">Address<\/h4> \n\t\t\t\t\t\t\t<\/div>\n\n\t\t\t\t\t<\/div>\n\t\t\t\t\t\t<\/div>\n\t\t\t\t<\/div>\n\t\t\t\t<div class=\"elementor-element elementor-element-51ae575 elementor-widget elementor-widget-wd_list\" data-id=\"51ae575\" data-element_type=\"widget\" data-e-type=\"widget\" data-widget_type=\"wd_list.default\">\n\t\t\t\t<div class=\"elementor-widget-container\">\n\t\t\t\t\t\t\t<ul class=\"wd-list color-scheme- wd-fontsize-xs wd-list-type-icon wd-list-style-default wd-justify-left\">\n\t\t\t\t\t\t\t\t\t\t\t<li class=\"elementor-repeater-item-24a14b2\">\n\t\t\t\t\t\t\t\t\t\t\t<img decoding=\"async\"  src=\"https:\/\/sn.ezoneretails.com\/wp-content\/uploads\/2023\/01\/map-point.svg\" title=\"map-point\" width=\"36\" height=\"36\">\t\t\t\t\t\n\t\t\t\t\t<span class=\"list-content\">\n\t\t\t\t\t\tMermoz Pyrotechnique, Lot No. 38, Path\u00e9 Cinema side, opposite Auchan, Dakar, Senegal\t\t\t\t\t<\/span>\n\n\t\t\t\t\t\t\t\t\t<\/li>\n\t\t\t\t\t\t\t\t\t\t\t<li class=\"elementor-repeater-item-7343a3e\">\n\t\t\t\t\t\t\t\t\t\t\t<img decoding=\"async\"  src=\"https:\/\/sn.ezoneretails.com\/wp-content\/uploads\/2023\/01\/phone-1.svg\" title=\"phone\" width=\"36\" height=\"36\">\t\t\t\t\t\n\t\t\t\t\t<span class=\"list-content\">\n\t\t\t\t\t\t+221 78 384 44 15\t\t\t\t\t<\/span>\n\n\t\t\t\t\t\n\t\t\t\t\t\t<a  href=\"tel:+221%2078%20384%2044%2015\" class=\"wd-fill\" aria-label=\"List item link\"><\/a>\n\t\t\t\t\t\t\t\t\t<\/li>\n\t\t\t\t\t<\/ul>\n\n\t\t\t\t\t\t<\/div>\n\t\t\t\t<\/div>\n\t\t\t\t<\/div>\n\t\t<div class=\"elementor-element elementor-element-c8575e6 e-con-full e-flex e-con e-child\" data-id=\"c8575e6\" data-element_type=\"container\" data-e-type=\"container\" data-settings=\"{&quot;background_background&quot;:&quot;classic&quot;}\">\n\t\t\t\t<div class=\"elementor-element elementor-element-fd20588 wd-width-100 elementor-widget elementor-widget-wd_title\" data-id=\"fd20588\" data-element_type=\"widget\" data-e-type=\"widget\" data-widget_type=\"wd_title.default\">\n\t\t\t\t<div class=\"elementor-widget-container\">\n\t\t\t\t\t\t\t<div class=\"title-wrapper set-mb-s reset-last-child wd-title-color-default wd-title-style-default wd-title-size-default text-left\">\n\n\t\t\t\n\t\t\t<div class=\"liner-continer\">\n\t\t\t\t<h4 class=\"woodmart-title-container title wd-fontsize-l\">Hours<\/h4> \n\t\t\t\t\t\t\t<\/div>\n\n\t\t\t\t\t<\/div>\n\t\t\t\t\t\t<\/div>\n\t\t\t\t<\/div>\n\t\t\t\t<div class=\"elementor-element elementor-element-980dd22 elementor-widget elementor-widget-wd_table\" data-id=\"980dd22\" data-element_type=\"widget\" data-e-type=\"widget\" data-widget_type=\"wd_table.default\">\n\t\t\t\t<div class=\"elementor-widget-container\">\n\t\t\t\t\t\t\t<div class=\"wd-el-table-wrap wd-reset-all-last\">\n\t\t\t<table class=\"wd-el-table\">\n\t\t\t\t\n\t\t\t\t<tbody class=\"text-left\">\n\t\t\t\t\t\t\t\t\t\t\t\t\t\t\t\t\t\t\t\t\t\t\t\t\t\t<tr class=\"wd-table-row elementor-repeater-item-e857bc0\">\n\t\t\t\t\t\t\t\t\t\t\t\t\t\t\t\t\t\t\t\t\t\t\t\t\t\t\t\t\t\t\t<td class=\"wd-table-cell elementor-repeater-item-bfaf5b3\" colspan=\"1\" rowspan=\"1\">\n\t\t\t\t\t\t\t<p><span style=\"color: #242424\">Monday<\/span><\/p>\t\t\t\t\t\t\t<\/td>\n\t\t\t\t\t\t\t\t\t\t\t\t\t\t\t\t\t\t\t\t\t\t\t\t<td class=\"wd-table-cell elementor-repeater-item-a6a8cde\" colspan=\"1\" rowspan=\"1\">\n\t\t\t\t\t\t\t<p style=\"text-align: right\"><span style=\"color: #242424\">8:00 AM - 8:00 PM\u00a0<\/span><\/p>\t\t\t\t\t\t\t<\/td>\n\t\t\t\t\t\t\t\t\t\t\t\t\t\t\t\t\t\t\t\t\t\t\t\t\t\t\t\t\t\t\t\t<\/tr>\n\t\t\t\t\t\t\t\t<tr class=\"wd-table-row elementor-repeater-item-8930af4\">\n\t\t\t\t\t\t\t\t\t\t\t\t\t\t\t\t\t\t\t\t\t\t\t\t\t\t\t\t\t\t\t<td class=\"wd-table-cell elementor-repeater-item-431d20b\" colspan=\"1\" rowspan=\"1\">\n\t\t\t\t\t\t\t<p><span style=\"color: #242424\"> Tuesday <\/span><\/p>\t\t\t\t\t\t\t<\/td>\n\t\t\t\t\t\t\t\t\t\t\t\t\t\t\t\t\t\t\t\t\t\t\t\t<td class=\"wd-table-cell elementor-repeater-item-0235f3a\" colspan=\"1\" rowspan=\"1\">\n\t\t\t\t\t\t\t<p style=\"text-align: right\"><span style=\"color: #242424\">8:00 AM - 8:00 PM\u00a0<\/span><\/p>\t\t\t\t\t\t\t<\/td>\n\t\t\t\t\t\t\t\t\t\t\t\t\t\t\t\t\t\t\t\t\t\t\t\t\t\t\t\t\t\t\t\t<\/tr>\n\t\t\t\t\t\t\t\t<tr class=\"wd-table-row elementor-repeater-item-c9c7651\">\n\t\t\t\t\t\t\t\t\t\t\t\t\t\t\t\t\t\t\t\t\t\t\t\t\t\t\t\t\t\t\t<td class=\"wd-table-cell elementor-repeater-item-6e27e34\" colspan=\"1\" rowspan=\"1\">\n\t\t\t\t\t\t\t<p><span style=\"color: #242424\"> Wednesday <\/span><\/p>\t\t\t\t\t\t\t<\/td>\n\t\t\t\t\t\t\t\t\t\t\t\t\t\t\t\t\t\t\t\t\t\t\t\t<td class=\"wd-table-cell elementor-repeater-item-2a19c31\" colspan=\"1\" rowspan=\"1\">\n\t\t\t\t\t\t\t<p style=\"text-align: right\"><span style=\"color: #242424\">8:00 AM - 8:00 PM\u00a0<\/span><\/p>\t\t\t\t\t\t\t<\/td>\n\t\t\t\t\t\t\t\t\t\t\t\t\t\t\t\t\t\t\t\t\t\t\t\t\t\t\t\t\t\t\t\t<\/tr>\n\t\t\t\t\t\t\t\t<tr class=\"wd-table-row elementor-repeater-item-a4beadc\">\n\t\t\t\t\t\t\t\t\t\t\t\t\t\t\t\t\t\t\t\t\t\t\t\t\t\t\t\t\t\t\t<td class=\"wd-table-cell elementor-repeater-item-1ccf2d2\" colspan=\"1\" rowspan=\"1\">\n\t\t\t\t\t\t\t<p><span style=\"color: #242424\"> Thursday <\/span><\/p>\t\t\t\t\t\t\t<\/td>\n\t\t\t\t\t\t\t\t\t\t\t\t\t\t\t\t\t\t\t\t\t\t\t\t<td class=\"wd-table-cell elementor-repeater-item-c687a4f\" colspan=\"1\" rowspan=\"1\">\n\t\t\t\t\t\t\t<p style=\"text-align: right\"><span style=\"color: #242424\">8:00 AM - 8:00 PM\u00a0<\/span><\/p>\t\t\t\t\t\t\t<\/td>\n\t\t\t\t\t\t\t\t\t\t\t\t\t\t\t\t\t\t\t\t\t\t\t\t\t\t\t\t\t\t\t\t<\/tr>\n\t\t\t\t\t\t\t\t<tr class=\"wd-table-row elementor-repeater-item-32bd879\">\n\t\t\t\t\t\t\t\t\t\t\t\t\t\t\t\t\t\t\t\t\t\t\t\t\t\t\t\t\t\t\t<td class=\"wd-table-cell elementor-repeater-item-629da0d\" colspan=\"1\" rowspan=\"1\">\n\t\t\t\t\t\t\t<p><span style=\"color: #242424\"> Friday <\/span><\/p>\t\t\t\t\t\t\t<\/td>\n\t\t\t\t\t\t\t\t\t\t\t\t\t\t\t\t\t\t\t\t\t\t\t\t<td class=\"wd-table-cell elementor-repeater-item-f14c554\" colspan=\"1\" rowspan=\"1\">\n\t\t\t\t\t\t\t<p style=\"text-align: right\"><span style=\"color: #242424\">8:00 AM - 8:00 PM\u00a0<\/span><\/p>\t\t\t\t\t\t\t<\/td>\n\t\t\t\t\t\t\t\t\t\t\t\t\t\t\t\t\t\t\t\t\t\t\t\t\t\t\t\t\t\t\t\t<\/tr>\n\t\t\t\t\t\t\t\t<tr class=\"wd-table-row elementor-repeater-item-c80d00b\">\n\t\t\t\t\t\t\t\t\t\t\t\t\t\t\t\t\t\t\t\t\t\t\t\t\t\t\t\t\t\t\t<td class=\"wd-table-cell elementor-repeater-item-d0aa61c\" colspan=\"1\" rowspan=\"1\">\n\t\t\t\t\t\t\t<p><span style=\"color: #000000\">Saturday<\/span><\/p>\t\t\t\t\t\t\t<\/td>\n\t\t\t\t\t\t\t\t\t\t\t\t\t\t\t\t\t\t\t\t\t\t\t\t<td class=\"wd-table-cell elementor-repeater-item-a2faa0d\" colspan=\"1\" rowspan=\"1\">\n\t\t\t\t\t\t\t<p style=\"text-align: right\"><span style=\"color: #242424\">8:00 AM - 8:00 PM\u00a0<\/span><\/p>\t\t\t\t\t\t\t<\/td>\n\t\t\t\t\t\t\t\t\t\t\t\t\t\t\t\t\t\t\t\t\t\t\t\t\t\t\t\t\t\t\t\t<\/tr>\n\t\t\t\t\t\t\t\t<tr class=\"wd-table-row elementor-repeater-item-6945fb4\">\n\t\t\t\t\t\t\t\t\t\t\t\t\t\t\t\t\t\t\t\t\t\t\t\t\t\t\t\t\t\t\t<td class=\"wd-table-cell elementor-repeater-item-075d567\" colspan=\"1\" rowspan=\"1\">\n\t\t\t\t\t\t\t<p><span style=\"color: #d4562e\"><span style=\"color: #000000\"> Sunday<\/span> <\/span><\/p>\t\t\t\t\t\t\t<\/td>\n\t\t\t\t\t\t\t\t\t\t\t\t\t\t\t\t\t\t\t\t\t\t\t\t<td class=\"wd-table-cell elementor-repeater-item-ac657e2\" colspan=\"1\" rowspan=\"1\">\n\t\t\t\t\t\t\t<p style=\"text-align: right\"><span style=\"color: #242424\">8:00 AM - 8:00 PM\u00a0<\/span><\/p>\t\t\t\t\t\t\t<\/td>\n\t\t\t\t\t\t\t\t\t\t\t\t\t\t\t\t<\/tr>\n\t\t\t\t<\/tbody>\n\t\t\t<\/table>\n\t\t<\/div>\n\t\t\t\t\t\t<\/div>\n\t\t\t\t<\/div>\n\t\t\t\t<div class=\"elementor-element elementor-element-2e88909 elementor-widget-divider--view-line elementor-widget elementor-widget-divider\" data-id=\"2e88909\" data-element_type=\"widget\" data-e-type=\"widget\" data-widget_type=\"divider.default\">\n\t\t\t\t<div class=\"elementor-widget-container\">\n\t\t\t\t\t\t\t<div class=\"elementor-divider\">\n\t\t\t<span class=\"elementor-divider-separator\">\n\t\t\t\t\t\t<\/span>\n\t\t<\/div>\n\t\t\t\t\t\t<\/div>\n\t\t\t\t<\/div>\n\t\t\t\t<div class=\"elementor-element elementor-element-acfc123 wd-width-100 elementor-widget elementor-widget-wd_title\" data-id=\"acfc123\" data-element_type=\"widget\" data-e-type=\"widget\" data-widget_type=\"wd_title.default\">\n\t\t\t\t<div class=\"elementor-widget-container\">\n\t\t\t\t\t\t\t<div class=\"title-wrapper set-mb-s reset-last-child wd-title-color-default wd-title-style-default wd-title-size-default text-left\">\n\n\t\t\t\n\t\t\t<div class=\"liner-continer\">\n\t\t\t\t<h4 class=\"woodmart-title-container title wd-fontsize-l\">Store facilities<\/h4> \n\t\t\t\t\t\t\t<\/div>\n\n\t\t\t\t\t<\/div>\n\t\t\t\t\t\t<\/div>\n\t\t\t\t<\/div>\n\t\t<div class=\"elementor-element elementor-element-73e0405 e-con-full e-flex e-con e-child\" data-id=\"73e0405\" data-element_type=\"container\" data-e-type=\"container\">\n\t\t\t\t<div class=\"elementor-element elementor-element-848d0e0 elementor-widget__width-auto elementor-widget elementor-widget-wd_image_or_svg\" data-id=\"848d0e0\" data-element_type=\"widget\" data-e-type=\"widget\" data-widget_type=\"wd_image_or_svg.default\">\n\t\t\t\t<div class=\"elementor-widget-container\">\n\t\t\t\t\t\n\t\t<div class=\"wd-image text-left\">\n\t\t\t\t\t\t\t\t<img loading=\"lazy\" decoding=\"async\"  src=\"https:\/\/sn.ezoneretails.com\/wp-content\/uploads\/2023\/01\/parking.svg\" title=\"car park\" width=\"25\" height=\"25\">\t\t\t\t\t<\/div>\n\n\t\t\t\t\t\t<\/div>\n\t\t\t\t<\/div>\n\t\t\t\t<div class=\"elementor-element elementor-element-f02ae7b elementor-widget__width-auto elementor-widget elementor-widget-wd_image_or_svg\" data-id=\"f02ae7b\" data-element_type=\"widget\" data-e-type=\"widget\" data-widget_type=\"wd_image_or_svg.default\">\n\t\t\t\t<div class=\"elementor-widget-container\">\n\t\t\t\t\t\n\t\t<div class=\"wd-image text-left\">\n\t\t\t\t\t\t\t\t<img loading=\"lazy\" decoding=\"async\"  src=\"https:\/\/sn.ezoneretails.com\/wp-content\/uploads\/2023\/01\/disabled-parking.svg\" title=\"disabled-parking\" width=\"25\" height=\"25\">\t\t\t\t\t<\/div>\n\n\t\t\t\t\t\t<\/div>\n\t\t\t\t<\/div>\n\t\t\t\t<div class=\"elementor-element elementor-element-a59f99a elementor-widget__width-auto elementor-widget elementor-widget-wd_image_or_svg\" data-id=\"a59f99a\" data-element_type=\"widget\" data-e-type=\"widget\" data-widget_type=\"wd_image_or_svg.default\">\n\t\t\t\t<div class=\"elementor-widget-container\">\n\t\t\t\t\t\n\t\t<div class=\"wd-image text-left\">\n\t\t\t\t\t\t\t\t<img loading=\"lazy\" decoding=\"async\"  src=\"https:\/\/sn.ezoneretails.com\/wp-content\/uploads\/2023\/01\/disabled-access.svg\" title=\"disabled-access\" width=\"25\" height=\"25\">\t\t\t\t\t<\/div>\n\n\t\t\t\t\t\t<\/div>\n\t\t\t\t<\/div>\n\t\t\t\t<\/div>\n\t\t\t\t<\/div>\n\t\t\t\t<\/div>\n\t\t\t\t\t<\/div>\n\t\t\t\t<\/div>\n\t\t\t\t<\/div>","protected":false},"excerpt":{"rendered":"<p>Ezone Mermoz Adresse Mermoz Pyrotechnique, Lot No 38, C\u00f4t\u00e9 Cin\u00e9ma Path\u00e9 En Face Auchan Dakar-s\u00e9n\u00e9gal +221 78 384 44 15<\/p>","protected":false},"author":2,"featured_media":0,"parent":0,"menu_order":0,"comment_status":"closed","ping_status":"closed","template":"","meta":{"footnotes":""},"class_list":["post-11081","page","type-page","status-publish","hentry"],"yoast_head":"<!-- This site is optimized with the Yoast SEO plugin v27.3 - https:\/\/yoast.com\/product\/yoast-seo-wordpress\/ -->\n<title>Ezone Mermoz - Ezone Electronics Senegal<\/title>\n<meta name=\"robots\" content=\"index, follow, max-snippet:-1, max-image-preview:large, max-video-preview:-1\" \/>\n<link rel=\"canonical\" href=\"https:\/\/sn.ezoneretails.com\/en\/ezone-mermoz\/\" \/>\n<meta property=\"og:locale\" content=\"en_US\" \/>\n<meta property=\"og:type\" content=\"article\" \/>\n<meta property=\"og:title\" content=\"Ezone Mermoz - Ezone Electronics Senegal\" \/>\n<meta property=\"og:description\" content=\"Ezone Mermoz Adresse Mermoz Pyrotechnique, Lot No 38, C\u00f4t\u00e9 Cin\u00e9ma Path\u00e9 En Face Auchan Dakar-s\u00e9n\u00e9gal +221 78 384 44 15\" \/>\n<meta property=\"og:url\" content=\"https:\/\/sn.ezoneretails.com\/en\/ezone-mermoz\/\" \/>\n<meta property=\"og:site_name\" content=\"Ezone Electronics Senegal\" \/>\n<meta property=\"article:modified_time\" content=\"2026-01-31T11:35:36+00:00\" \/>\n<meta property=\"og:image\" content=\"https:\/\/sn.ezoneretails.com\/wp-content\/uploads\/2026\/01\/Ezone-Mermoz-showroom.png\" \/>\n<meta name=\"twitter:card\" content=\"summary_large_image\" \/>\n<meta name=\"twitter:label1\" content=\"Est. reading time\" \/>\n\t<meta name=\"twitter:data1\" content=\"2 minutes\" \/>\n<script type=\"application\/ld+json\" class=\"yoast-schema-graph\">{\"@context\":\"https:\\\/\\\/schema.org\",\"@graph\":[{\"@type\":\"WebPage\",\"@id\":\"https:\\\/\\\/sn.ezoneretails.com\\\/ezone-mermoz\\\/\",\"url\":\"https:\\\/\\\/sn.ezoneretails.com\\\/ezone-mermoz\\\/\",\"name\":\"Ezone Mermoz - Ezone Electronics Senegal\",\"isPartOf\":{\"@id\":\"https:\\\/\\\/sn.ezoneretails.com\\\/en\\\/#website\"},\"primaryImageOfPage\":{\"@id\":\"https:\\\/\\\/sn.ezoneretails.com\\\/ezone-mermoz\\\/#primaryimage\"},\"image\":{\"@id\":\"https:\\\/\\\/sn.ezoneretails.com\\\/ezone-mermoz\\\/#primaryimage\"},\"thumbnailUrl\":\"https:\\\/\\\/sn.ezoneretails.com\\\/wp-content\\\/uploads\\\/2026\\\/01\\\/Ezone-Mermoz-showroom.png\",\"datePublished\":\"2024-03-22T13:53:13+00:00\",\"dateModified\":\"2026-01-31T11:35:36+00:00\",\"breadcrumb\":{\"@id\":\"https:\\\/\\\/sn.ezoneretails.com\\\/ezone-mermoz\\\/#breadcrumb\"},\"inLanguage\":\"en-US\",\"potentialAction\":[{\"@type\":\"ReadAction\",\"target\":[\"https:\\\/\\\/sn.ezoneretails.com\\\/ezone-mermoz\\\/\"]}]},{\"@type\":\"ImageObject\",\"inLanguage\":\"en-US\",\"@id\":\"https:\\\/\\\/sn.ezoneretails.com\\\/ezone-mermoz\\\/#primaryimage\",\"url\":\"https:\\\/\\\/sn.ezoneretails.com\\\/wp-content\\\/uploads\\\/2026\\\/01\\\/Ezone-Mermoz-showroom.png\",\"contentUrl\":\"https:\\\/\\\/sn.ezoneretails.com\\\/wp-content\\\/uploads\\\/2026\\\/01\\\/Ezone-Mermoz-showroom.png\"},{\"@type\":\"BreadcrumbList\",\"@id\":\"https:\\\/\\\/sn.ezoneretails.com\\\/ezone-mermoz\\\/#breadcrumb\",\"itemListElement\":[{\"@type\":\"ListItem\",\"position\":1,\"name\":\"Home\",\"item\":\"https:\\\/\\\/sn.ezoneretails.com\\\/\"},{\"@type\":\"ListItem\",\"position\":2,\"name\":\"Ezone Mermoz\"}]},{\"@type\":\"WebSite\",\"@id\":\"https:\\\/\\\/sn.ezoneretails.com\\\/en\\\/#website\",\"url\":\"https:\\\/\\\/sn.ezoneretails.com\\\/en\\\/\",\"name\":\"Ezone Electronics Senegal\",\"description\":\"\",\"potentialAction\":[{\"@type\":\"SearchAction\",\"target\":{\"@type\":\"EntryPoint\",\"urlTemplate\":\"https:\\\/\\\/sn.ezoneretails.com\\\/en\\\/?s={search_term_string}\"},\"query-input\":{\"@type\":\"PropertyValueSpecification\",\"valueRequired\":true,\"valueName\":\"search_term_string\"}}],\"inLanguage\":\"en-US\"}]}<\/script>\n<!-- \/ Yoast SEO plugin. -->","yoast_head_json":{"title":"Ezone Mermoz - Ezone Electronics Senegal","robots":{"index":"index","follow":"follow","max-snippet":"max-snippet:-1","max-image-preview":"max-image-preview:large","max-video-preview":"max-video-preview:-1"},"canonical":"https:\/\/sn.ezoneretails.com\/en\/ezone-mermoz\/","og_locale":"en_US","og_type":"article","og_title":"Ezone Mermoz - Ezone Electronics Senegal","og_description":"Ezone Mermoz Adresse Mermoz Pyrotechnique, Lot No 38, C\u00f4t\u00e9 Cin\u00e9ma Path\u00e9 En Face Auchan Dakar-s\u00e9n\u00e9gal +221 78 384 44 15","og_url":"https:\/\/sn.ezoneretails.com\/en\/ezone-mermoz\/","og_site_name":"Ezone Electronics Senegal","article_modified_time":"2026-01-31T11:35:36+00:00","og_image":[{"url":"https:\/\/sn.ezoneretails.com\/wp-content\/uploads\/2026\/01\/Ezone-Mermoz-showroom.png","type":"","width":"","height":""}],"twitter_card":"summary_large_image","twitter_misc":{"Est. reading time":"2 minutes"},"schema":{"@context":"https:\/\/schema.org","@graph":[{"@type":"WebPage","@id":"https:\/\/sn.ezoneretails.com\/ezone-mermoz\/","url":"https:\/\/sn.ezoneretails.com\/ezone-mermoz\/","name":"Ezone Mermoz - Ezone Electronics Senegal","isPartOf":{"@id":"https:\/\/sn.ezoneretails.com\/en\/#website"},"primaryImageOfPage":{"@id":"https:\/\/sn.ezoneretails.com\/ezone-mermoz\/#primaryimage"},"image":{"@id":"https:\/\/sn.ezoneretails.com\/ezone-mermoz\/#primaryimage"},"thumbnailUrl":"https:\/\/sn.ezoneretails.com\/wp-content\/uploads\/2026\/01\/Ezone-Mermoz-showroom.png","datePublished":"2024-03-22T13:53:13+00:00","dateModified":"2026-01-31T11:35:36+00:00","breadcrumb":{"@id":"https:\/\/sn.ezoneretails.com\/ezone-mermoz\/#breadcrumb"},"inLanguage":"en-US","potentialAction":[{"@type":"ReadAction","target":["https:\/\/sn.ezoneretails.com\/ezone-mermoz\/"]}]},{"@type":"ImageObject","inLanguage":"en-US","@id":"https:\/\/sn.ezoneretails.com\/ezone-mermoz\/#primaryimage","url":"https:\/\/sn.ezoneretails.com\/wp-content\/uploads\/2026\/01\/Ezone-Mermoz-showroom.png","contentUrl":"https:\/\/sn.ezoneretails.com\/wp-content\/uploads\/2026\/01\/Ezone-Mermoz-showroom.png"},{"@type":"BreadcrumbList","@id":"https:\/\/sn.ezoneretails.com\/ezone-mermoz\/#breadcrumb","itemListElement":[{"@type":"ListItem","position":1,"name":"Home","item":"https:\/\/sn.ezoneretails.com\/"},{"@type":"ListItem","position":2,"name":"Ezone Mermoz"}]},{"@type":"WebSite","@id":"https:\/\/sn.ezoneretails.com\/en\/#website","url":"https:\/\/sn.ezoneretails.com\/en\/","name":"Ezone Electronics Senegal","description":"","potentialAction":[{"@type":"SearchAction","target":{"@type":"EntryPoint","urlTemplate":"https:\/\/sn.ezoneretails.com\/en\/?s={search_term_string}"},"query-input":{"@type":"PropertyValueSpecification","valueRequired":true,"valueName":"search_term_string"}}],"inLanguage":"en-US"}]}},"_links":{"self":[{"href":"https:\/\/sn.ezoneretails.com\/en\/wp-json\/wp\/v2\/pages\/11081","targetHints":{"allow":["GET"]}}],"collection":[{"href":"https:\/\/sn.ezoneretails.com\/en\/wp-json\/wp\/v2\/pages"}],"about":[{"href":"https:\/\/sn.ezoneretails.com\/en\/wp-json\/wp\/v2\/types\/page"}],"author":[{"embeddable":true,"href":"https:\/\/sn.ezoneretails.com\/en\/wp-json\/wp\/v2\/users\/2"}],"replies":[{"embeddable":true,"href":"https:\/\/sn.ezoneretails.com\/en\/wp-json\/wp\/v2\/comments?post=11081"}],"version-history":[{"count":51,"href":"https:\/\/sn.ezoneretails.com\/en\/wp-json\/wp\/v2\/pages\/11081\/revisions"}],"predecessor-version":[{"id":99694,"href":"https:\/\/sn.ezoneretails.com\/en\/wp-json\/wp\/v2\/pages\/11081\/revisions\/99694"}],"wp:attachment":[{"href":"https:\/\/sn.ezoneretails.com\/en\/wp-json\/wp\/v2\/media?parent=11081"}],"curies":[{"name":"wp","href":"https:\/\/api.w.org\/{rel}","templated":true}]}}